{"id":1023,"date":"2012-03-14T11:35:43","date_gmt":"2012-03-14T11:35:43","guid":{"rendered":"http:\/\/www.borsig11.de\/wordpress\/?page_id=1023"},"modified":"2023-02-23T12:16:13","modified_gmt":"2023-02-23T11:16:13","slug":"spenden","status":"publish","type":"page","link":"https:\/\/www.borsig11.de\/wordpress\/kontakt\/spenden\/","title":{"rendered":"Spenden"},"content":{"rendered":"<p><strong>Sie m\u00f6chten die Machbarschaft Borsig11 unterst\u00fctzen?<\/strong><\/p>\n<p>Wir freuen uns \u00fcber Spenden und k\u00f6nnen auf Wunsch eine Spendenbescheinigung ausstellen.<\/p>\n<p>Machbarschaft Borsig11 e.V.<br \/>\nSparkasse Dortmund<br \/>\nIBAN: DE90440501990191021673<br \/>\nBIC: DORTDE33<\/p>\n<p><strong>Haben Sie Fragen?<\/strong><\/p>\n<p>T: 0231 80418150<br \/>\n<a title=\"Mail an Borsig11\" href=\"mailto:info@borsig11.de\" target=\"_blank\" rel=\"noopener\"> info(at)borsig11.de <\/a><\/p>\n","protected":false},"excerpt":{"rendered":"<p>Sie m\u00f6chten die Machbarschaft Borsig11 unterst\u00fctzen? Wir freuen uns \u00fcber Spenden und k\u00f6nnen auf Wunsch eine Spendenbescheinigung ausstellen. Machbarschaft Borsig11 e.V. Sparkasse Dortmund IBAN: DE90440501990191021673 BIC: DORTDE33 Haben Sie Fragen? T: 0231 80418150 info(at)borsig11.de<\/p>\n","protected":false},"author":10,"featured_media":0,"parent":42,"menu_order":0,"comment_status":"closed","ping_status":"closed","template":"","meta":{"footnotes":""},"class_list":["post-1023","page","type-page","status-publish",""],"_links":{"self":[{"href":"https:\/\/www.borsig11.de\/wordpress\/wp-json\/wp\/v2\/pages\/1023","targetHints":{"allow":["GET"]}}],"collection":[{"href":"https:\/\/www.borsig11.de\/wordpress\/wp-json\/wp\/v2\/pages"}],"about":[{"href":"https:\/\/www.borsig11.de\/wordpress\/wp-json\/wp\/v2\/types\/page"}],"author":[{"embeddable":true,"href":"https:\/\/www.borsig11.de\/wordpress\/wp-json\/wp\/v2\/users\/10"}],"replies":[{"embeddable":true,"href":"https:\/\/www.borsig11.de\/wordpress\/wp-json\/wp\/v2\/comments?post=1023"}],"version-history":[{"count":2,"href":"https:\/\/www.borsig11.de\/wordpress\/wp-json\/wp\/v2\/pages\/1023\/revisions"}],"predecessor-version":[{"id":55933,"href":"https:\/\/www.borsig11.de\/wordpress\/wp-json\/wp\/v2\/pages\/1023\/revisions\/55933"}],"up":[{"embeddable":true,"href":"https:\/\/www.borsig11.de\/wordpress\/wp-json\/wp\/v2\/pages\/42"}],"wp:attachment":[{"href":"https:\/\/www.borsig11.de\/wordpress\/wp-json\/wp\/v2\/media?parent=1023"}],"curies":[{"name":"wp","href":"https:\/\/api.w.org\/{rel}","templated":true}]}}