{"id":1160,"date":"2013-01-28T21:53:41","date_gmt":"2013-01-28T21:53:41","guid":{"rendered":"http:\/\/www.borsig11.de\/wordpress\/?page_id=1160"},"modified":"2021-07-02T00:12:17","modified_gmt":"2021-07-01T22:12:17","slug":"youngsters","status":"publish","type":"page","link":"https:\/\/www.borsig11.de\/wordpress\/youngsters\/","title":{"rendered":"YOUNGSTERS akademie"},"content":{"rendered":"<p>Die Borsig11 YOUNGSTERS sind da! Dank \u201c<a title=\"leuchte auf\" href=\"http:\/\/www.bvb.de\/Der-BVB\/Stiftung\/Ueber-uns\" target=\"_blank\" rel=\"noopener noreferrer\">leuchte auf<\/a>\u201c, der BVB-Stiftung, haben Kinder und Jugendliche der Dortmunder Nordstadt und dar\u00fcber hinaus im Rahmen der YOUNGSTERS akademie von Machbarschaft Borsig11 die M\u00f6glichkeit, sich einzumischen und eigene Projekte zu realisieren.<\/p>\n<h3><strong>Reporter wissen mehr<\/strong><\/h3>\n<p>Als Reporter kann man Orte und Bereiche erkunden, die einem sonst nicht zug\u00e4nglich sind. Die YOUNGSTERS berichten \u00fcber aktuelle Themen, sich selbst und andere aus ihrer eigenen Perspektive \u2013 in Form von <a title=\"YOUNGSTERS clips\" href=\"https:\/\/www.borsig11.de\/wordpress\/tag\/youngsters-clip\/\">Video-Clips<\/a> und in ihrer eigenen Zeitschrift, dem <a title=\"YOUNGSTERS magazin Vol.1\" href=\"https:\/\/www.borsig11.de\/wordpress\/2013\/05\/youngsters-magazin-vol-1\/\">YOUNGSTERS magazin<\/a>.<\/p>\n<p><iframe loading=\"lazy\" src=\"\/\/www.youtube.com\/embed\/videoseries?list=PLPvfkeHmcCW1N9rPaTP3ApI6ZMtBXpR-2\" width=\"640\" height=\"360\" frameborder=\"0\" allowfullscreen=\"allowfullscreen\"><\/iframe><\/p>\n<p>Ein Themenschwerpunkt behandelt die moderne Arbeitswelt: Wie wird man z.B. Fu\u00dfballer, Arzt oder Polizist? Wie funktioniert der Flughafen, das Stadion, der Zoo? Die YOUNGSTERS besuchen verschiedene Institutionen und Betriebe, in denen sie Einblicke ins Arbeitsleben gewinnen.<\/p>\n<p>Aktuelle Beitr\u00e4ge der YOUNGSTERS findet ihr &gt;&gt; <a title=\"YOUNGSTERS\" href=\"https:\/\/www.borsig11.de\/wordpress\/category\/youngsters\/\">hier<\/a>.<\/p>\n<p><iframe loading=\"lazy\" src=\"\/\/e.issuu.com\/embed.html#8777450\/6741455\" width=\"650\" height=\"459\" frameborder=\"0\" allowfullscreen=\"allowfullscreen\"><\/iframe><\/p>\n<p>Die YOUNGSTERS akademie weckt Interessen, f\u00f6rdert Eigeninitiative, entdeckt Talente und er\u00f6ffnet Chancen. Es geht um Team-Geist und den Spa\u00df an der eigenen Produktivit\u00e4t. F\u00fcr besonders engagierte Teilnehmer gibt es tolle Preise!<\/p>\n<p><img loading=\"lazy\" decoding=\"async\" class=\"wp-image-1165 \" src=\"https:\/\/www.borsig11.de\/wordpress\/wp-content\/uploads\/2013\/01\/IMG_9253_600web.jpg\" alt=\"Borsig11 Youngsters schneiden einen Videoclip\" width=\"847\" height=\"602\" srcset=\"https:\/\/www.borsig11.de\/wordpress\/wp-content\/uploads\/2013\/01\/IMG_9253_600web.jpg 450w, https:\/\/www.borsig11.de\/wordpress\/wp-content\/uploads\/2013\/01\/IMG_9253_600web-300x213.jpg 300w\" sizes=\"auto, (max-width: 847px) 100vw, 847px\" \/><\/p>\n<h3><\/h3>\n<h3><strong>Mitarbeiter gesucht<\/strong><\/h3>\n<p>Die YOUNGSTERS akademie sucht immer junge Mitarbeiter*innen, die gute Ideen und Spa\u00df am Machen mitbringen. Teilnehmen k\u00f6nnen Kinder und Jugendliche im Alter von 8-16 Jahren.<\/p>\n<p>Au\u00dferdem suchen wir freie Video-Redakteure, die uns bei den YOUNGSTERS clips helfen.<br \/>\nWeitere Information: &gt;&gt;\u00a0<a title=\"Ausschreibung Videoproducer\" href=\"http:\/\/www.borsig11.de\/download\/Borsig11_Youngsters_Videoproducer_gesucht.pdf\" target=\"_blank\" rel=\"noopener noreferrer\">download pdf<\/a><\/p>\n<p>YOUNGSTERS akademie<br \/>\nMachbarschaft Borsig11 e.V.<br \/>\nFlurstra\u00dfe 10<br \/>\n44145 Dortmund<\/p>\n<p>Tel.: 0231\/ 80418150<br \/>\nMail: <a title=\"mail an die Borsig11 Youngsters akademie\" href=\"mailto:youngsters@borsig11.de\" target=\"_blank\" rel=\"noopener noreferrer\">youngsters(at)borsig11.de<\/a><\/p>\n<p><a href=\"https:\/\/www.youngsters.de\" target=\"_blank\" rel=\"noopener noreferrer\"><strong>www.youngsters.de<\/strong><\/a><\/p>\n<p>&#8212;<\/p>\n<p>Die YOUNGSTERS akademie wird gef\u00f6rdert von:<\/p>\n<p><a title=\"leuchte auf \u2013 DIE BVB STIFTUNG\" href=\"http:\/\/www.bvb.de\/Der-BVB\/Stiftung\/Ueber-uns\" target=\"_blank\" rel=\"noopener noreferrer\"><img loading=\"lazy\" decoding=\"async\" class=\"alignnone wp-image-1088 size-full\" src=\"https:\/\/www.borsig11.de\/wordpress\/wp-content\/uploads\/2012\/10\/leuchteauf_logo_web.jpg\" alt=\"leuchteauf_logo_web\" width=\"200\" height=\"93\" \/><\/a><\/p>\n","protected":false},"excerpt":{"rendered":"<p>Die Borsig11 YOUNGSTERS sind da! Dank \u201cleuchte auf\u201c, der BVB-Stiftung, haben Kinder und Jugendliche der Dortmunder Nordstadt und dar\u00fcber hinaus im Rahmen der YOUNGSTERS akademie von Machbarschaft Borsig11 die M\u00f6glichkeit, sich einzumischen und eigene Projekte zu realisieren. Reporter wissen mehr Als Reporter kann man Orte und Bereiche erkunden, die einem sonst nicht zug\u00e4nglich sind. Die &hellip;<\/p>\n","protected":false},"author":10,"featured_media":0,"parent":0,"menu_order":0,"comment_status":"closed","ping_status":"closed","template":"","meta":{"footnotes":""},"class_list":["post-1160","page","type-page","status-publish",""],"_links":{"self":[{"href":"https:\/\/www.borsig11.de\/wordpress\/wp-json\/wp\/v2\/pages\/1160","targetHints":{"allow":["GET"]}}],"collection":[{"href":"https:\/\/www.borsig11.de\/wordpress\/wp-json\/wp\/v2\/pages"}],"about":[{"href":"https:\/\/www.borsig11.de\/wordpress\/wp-json\/wp\/v2\/types\/page"}],"author":[{"embeddable":true,"href":"https:\/\/www.borsig11.de\/wordpress\/wp-json\/wp\/v2\/users\/10"}],"replies":[{"embeddable":true,"href":"https:\/\/www.borsig11.de\/wordpress\/wp-json\/wp\/v2\/comments?post=1160"}],"version-history":[{"count":0,"href":"https:\/\/www.borsig11.de\/wordpress\/wp-json\/wp\/v2\/pages\/1160\/revisions"}],"wp:attachment":[{"href":"https:\/\/www.borsig11.de\/wordpress\/wp-json\/wp\/v2\/media?parent=1160"}],"curies":[{"name":"wp","href":"https:\/\/api.w.org\/{rel}","templated":true}]}}