{"id":1770,"date":"2013-12-05T16:34:56","date_gmt":"2013-12-05T15:34:56","guid":{"rendered":"http:\/\/www.borsig11.de\/wordpress\/?page_id=1770"},"modified":"2024-01-13T13:38:31","modified_gmt":"2024-01-13T12:38:31","slug":"public-residence","status":"publish","type":"page","link":"https:\/\/www.borsig11.de\/wordpress\/public-residence\/","title":{"rendered":"Public Residence"},"content":{"rendered":"<h3><strong>Public Residence: Die Chance<br \/>\n<\/strong><\/h3>\n<p>1. Juni 2014 \u2013 31. Mai 2015<b><\/b><\/p>\n<p><a href=\"https:\/\/www.nordstadtblogger.de\/chancen-fuer-den-borsigplatz-mit-200-000-euro-dotierter-foerderpreis-fuer-kunstprojekt-geht-in-die-nordstadt\/\" target=\"_blank\" rel=\"noopener noreferrer\"><strong>Preistr\u00e4ger faktor kunst 2013<\/strong><\/a><br \/>\nEin Projekt von Machbarschaft Borsig11 e.V. in Kooperation mit der <a href=\"http:\/\/www.montag-stiftungen.de\/kunst-und-gesellschaft\/stiftung-kunst-und-gesellschaft.html\" target=\"_blank\" rel=\"noopener noreferrer\">Montag Stiftung Kunst und Gesellschaft<\/a><\/p>\n<p><strong>Machbarschaft Borsig11 l\u00e4dt 2014\/15 die Bewohner rund um den Borsigplatz ein, an der Gestaltung einer neuen \u00d6ffentlichkeit mitzuwirken. Vier K\u00fcnstler leben f\u00fcr ein Jahr in &#8222;Public Residence&#8220; und entwickeln gemeinsam mit ihren Nachbarn Projekte, die das Quartier ver\u00e4ndern.<\/strong><\/p>\n<p>Jeder Teilnehmer erh\u00e4lt die Option auf 100 \u201e<a title=\"100 000 Chancen f\u00fcr den Borsigplatz\" href=\"https:\/\/www.borsig11.de\/wordpress\/2014\/06\/100-000-chancen-fuer-den-borsigplatz\/\">Chancen<\/a>\u201c (Kunst-W\u00e4hrung: 1 Chance = 1 Euro). Dieser Wert wird real, wenn er in eines oder mehrere der Projekte investiert wird. Die Bewohner verf\u00fcgen \u00fcber die Mittel.\u00a0Sie bestimmen, was m\u00f6glich ist, und was wahr wird.\u00a0Ihre Beteiligung ist Voraussetzung und Ziel der Arbeit.<\/p>\n<p><iframe loading=\"lazy\" src=\"https:\/\/www.youtube.com\/embed\/968HmH8wtr4\" width=\"560\" height=\"315\" frameborder=\"0\" allowfullscreen=\"allowfullscreen\"><\/iframe><\/p>\n<p>&gt;&gt; <a href=\"https:\/\/www.borsig11.de\/wordpress\/2014\/06\/100-000-chancen-fuer-den-borsigplatz\/\">Weitere Informationen zum Chancen-Modell<\/a><\/p>\n<p>&#8212;<\/p>\n<h3><strong>1 Jahr, 7 K\u00fcnstler, 500 Anwohner und 100.000 Chancen<\/strong><\/h3>\n<p>Pressemitteilung, Juni 2015<\/p>\n<p><strong>\u201eChancen\u201c hei\u00dft die kulturelle W\u00e4hrung, die seit \u00fcber einem Jahr am Borsigplatz kursiert. Wer hier wohnt, hat Anspruch auf 100 davon, um den eigenen Stadtteil mit zu gestalten. In \u201ePublic Residence: Die Chance\u201c, einem k\u00fcnstlerischen Experiment in der Dortmunder Nordstadt, ging es um kulturelle Teilhabe und soziale Kreativit\u00e4t. Das Projekt ging im Mai 2015 zu Ende. Die Chancen bleiben erhalten.<\/strong><\/p>\n<p>&#8222;<a title=\"100 000 Chancen f\u00fcr den Borsigplatz\" href=\"https:\/\/www.borsig11.de\/wordpress\/2014\/06\/100-000-chancen-fuer-den-borsigplatz\/\">Chancen<\/a>&#8220; sind eine W\u00e4hrung f\u00fcr den \u00f6ffentlichen Raum. Mit ihnen kann man nichts \u201ekaufen\u201c, aber man kann etwas mit ihnen \u201emachen\u201c \u2013 n\u00e4mlich Kunst. Auf Betreiben des Vereins Machbarschaft Borsig11 und der Montag Stiftung Kunst und Gesellschaft wurden im Juni 2014 vier K\u00fcnstlerwohnungen im Quartier als \u201ePublic Residence\u201c bereitgestellt. Insgesamt sieben K\u00fcnstlerinnen und K\u00fcnstler verschiedener Sparten haben im Laufe des Jahres am Borsigplatz residiert und Chancen in k\u00fcnstlerische Aktionen umgesetzt, an denen sich \u00fcber 500 Bewohner des Viertels beteiligt haben.<\/p>\n<p>Mit ihrer Hilfe wurden Stra\u00dfen umbenannt, G\u00e4rten angelegt, ein Geschmacksarchiv eingerichtet, eine Givebox und eine mobile Werkstatt installiert, ein <a href=\"https:\/\/www.borsig11.de\/wordpress\/2015\/01\/103-das-chancen-cafe\/\">Chancen-Caf\u00e9<\/a> wurde er\u00f6ffnet, W\u00fcnsche aus Papier gefaltet, Kindergeburtstage gefeiert, es wurde \u00f6ffentlich gekocht, getanzt und Bier gebraut, Theater gespielt und diskutiert, es gab Stadtf\u00fchrungen zu unbekannten Ber\u00fchmten und lokalen Mythen, eine freie Republik wurde gegr\u00fcndet, das goldene Zeitalter wurde ausgerufen und vieles mehr.<\/p>\n<p>Die Beteiligung der Bewohner war Voraussetzung und Ziel der Arbeit. Viele haben ihre Chancen genutzt, Kunst erm\u00f6glicht und zur Kultivierung lokaler \u00d6ffentlichkeiten beigetragen. Wer sich aktiv beteiligt hat, konnte weitere Chancen erhalten und seine Handlungsspielr\u00e4ume erweitern. Viele der k\u00fcnstlerischen Aktivit\u00e4ten sind fortsetzbar und einige Nachbarn bieten inzwischen selbst Workshops an und beginnen, eigenst\u00e4ndig kulturelle Projekte f\u00fcr ihren Stadtteil zu realisieren.<\/p>\n<p>Die K\u00fcnstler haben Impulse gesetzt, neue Wirkungsfelder und Perspektiven er\u00f6ffnet und Kreativit\u00e4t im Stadtteil geweckt. Das Ende von \u201ePublic Residence\u201c mit der Finissage am 30. Mai 2015 bedeutete einen Abschied von K\u00fcnstlern, deren Arbeit Spuren im Quartier hinterlassen hat. Viele der Mitstreiter und Komplizen, die sich im Laufe des Jahres zusammengefunden haben, nutzen jetzt ihre Chancen, um in Eigeninitiative mit der Kreativ-W\u00e4hrung am Borsigplatz weiterzuarbeiten.<\/p>\n<p>&#8212;<\/p>\n<p>&gt;&gt; faktor kunst 2013: <a href=\"https:\/\/www.nordstadtblogger.de\/machbarschaft-borsig11-ein-multikulturelles-mitmach-und-entfaltungsprojekt-fuer-bewohnerinnen-und-bewohner\/\" target=\"_blank\" rel=\"noopener noreferrer\">\u201eChancen\u201c f\u00fcr den Borsigplatz: Mit 200.000 Euro dotierter F\u00f6rderpreis f\u00fcr Kunstprojekt geht in die Nordstadt<\/a><\/p>\n<p>&gt;&gt; das Buch zu Public Residence, 2015: <a href=\"https:\/\/www.borsig11.de\/wordpress\/2016\/03\/public-residence-das-buch-zum-projekt\/\">\u00dcber die Teilhabe in der Kunst<\/a><\/p>\n<p>&gt;&gt; N.I.C.E. Award 2016: <a href=\"https:\/\/www.borsig11.de\/wordpress\/2016\/09\/borsig11-erhaelt-preis-fuer-soziale-innovation\/\">Chancen erhalten Preis f\u00fcr soziale Innovation<\/a><\/p>\n<p>&gt;&gt; BewohnerInnen nutzen weiter ihre Chancen: <a href=\"https:\/\/www.borsig11.de\/wordpress\/category\/public-residence\/\">aktuelle Projekte<\/a> im <a href=\"https:\/\/www.borsig11.de\/wordpress\/2015\/01\/103-das-chancen-cafe\/\">Chancen-Caf\u00e9 103<\/a><\/p>\n<p>&#8212;<\/p>\n<h3><strong>K\u00fcnstlerinnen und K\u00fcnstler in Public Residence:<\/strong><\/h3>\n<p><a title=\"Frank B\u00f6lter\" href=\"https:\/\/www.borsig11.de\/wordpress\/category\/public-residence\/frank-boelter\/\" target=\"_blank\" rel=\"noopener noreferrer\"><strong>Frank B\u00f6lter<\/strong><\/a><a href=\"https:\/\/www.borsig11.de\/wordpress\/wp-content\/uploads\/2013\/12\/P_frank100.jpg\"><img loading=\"lazy\" decoding=\"async\" class=\"alignleft wp-image-3928 size-full\" src=\"https:\/\/www.borsig11.de\/wordpress\/wp-content\/uploads\/2013\/12\/P_frank100.jpg\" alt=\"\" width=\"100\" height=\"100\" srcset=\"https:\/\/www.borsig11.de\/wordpress\/wp-content\/uploads\/2013\/12\/P_frank100.jpg 100w, https:\/\/www.borsig11.de\/wordpress\/wp-content\/uploads\/2013\/12\/P_frank100-55x55.jpg 55w\" sizes=\"auto, (max-width: 100px) 100vw, 100px\" \/><\/a> (2014\/15) ist Bildhauer und Konzeptk\u00fcnstler. In seiner Arbeit konzentriert er sich auf lokale Umgebungen und die Menschen, die davon ber\u00fchrt werden. Mit Kindern und Erwachsenen zusammen hat er am Borsigplatz lebensgro\u00dfe Autos, H\u00e4user, Boote oder Flieger aus Papier gefaltet, eine 50 Meter lange Mauer verkleidet und von Bewohnern bemalen lassen oder ein leeres Schild auf dem Borsigplatz aufgestellt. Frank B\u00f6lters Aktionen provozieren Eigeninitiative. So finden seit Anfang 2015 auf dem kleinen Borsigplatz regelm\u00e4\u00dfig Workshops statt. Dabei wird nicht wie sonst Alkohol konsumiert, sondern selber Bier gebraut. &#8222;Dortmunder Schwarzbr\u00e4u&#8220; nennt der K\u00fcnstler das Projekt: &#8222;Neben einer performativen Konsumkritik an Massenware und Massenproduktion ist es vor allem die Chance, gemeinschaftlich das an das Suchtmittel Alkohol abgegebene Terrain der Eigenverantwortung und Selbstbestimmung ein St\u00fcck weit zur\u00fcck zu gewinnen.&#8220;<\/p>\n<p>&gt;&gt; <a href=\"https:\/\/www.borsig11.de\/wordpress\/category\/public-residence\/frank-boelter\/\">Projekte<\/a><\/p>\n<p><a title=\"Susanne Bosch\" href=\"https:\/\/www.borsig11.de\/wordpress\/category\/public-residence\/susanne-bosch\/\" target=\"_blank\" rel=\"noopener noreferrer\"><strong><img loading=\"lazy\" decoding=\"async\" class=\"alignleft wp-image-3931 size-full\" src=\"https:\/\/www.borsig11.de\/wordpress\/wp-content\/uploads\/2013\/12\/P_susanne100.jpg\" alt=\"\" width=\"100\" height=\"100\" srcset=\"https:\/\/www.borsig11.de\/wordpress\/wp-content\/uploads\/2013\/12\/P_susanne100.jpg 100w, https:\/\/www.borsig11.de\/wordpress\/wp-content\/uploads\/2013\/12\/P_susanne100-55x55.jpg 55w\" sizes=\"auto, (max-width: 100px) 100vw, 100px\" \/>Susanne Bosch<\/strong><\/a> (2014) kam direkt aus Malaysia ins Ruhrgebiet und brachte langj\u00e4hrige Erfahrung aus internationalen Kunstprojekten mit, in denen sie sich mit dem Demokratiebegriff auseinandersetzt. Dabei spielen das \u00dcberleben, Geld und Arbeit, Migration, gesellschaftliche Visionen und Beteiligungsmodelle eine entscheidende Rolle.\u00a0Am Borsigplatz hat die K\u00fcnstlerin viel Zeit auf der Stra\u00dfe verbracht und am allt\u00e4glichen Leben teilgenommen, vom \u00f6ffentlichen Kochen und Essen bis zur Lesestunde im lokalen Friseursalon. Auf Anregung von Anwohnern hat sie eine \u201eGivebox\u201c eingerichtet, vielsprachige B\u00fccherboxen im Quartier verteilt und eine mobile Werkstatt angeschafft, die Nachbarn bei Reparaturen hilft und weiterhin bei zahlreichen kreativen Workshops zum Einsatz kommt.<\/p>\n<p>&gt;&gt; <a href=\"https:\/\/www.borsig11.de\/wordpress\/category\/public-residence\/susanne-bosch\/\">Projekte<\/a><\/p>\n<p><strong><img loading=\"lazy\" decoding=\"async\" class=\"alignleft wp-image-3932 size-full\" src=\"https:\/\/www.borsig11.de\/wordpress\/wp-content\/uploads\/2013\/12\/P_rolf100.jpg\" alt=\"\" width=\"100\" height=\"100\" srcset=\"https:\/\/www.borsig11.de\/wordpress\/wp-content\/uploads\/2013\/12\/P_rolf100.jpg 100w, https:\/\/www.borsig11.de\/wordpress\/wp-content\/uploads\/2013\/12\/P_rolf100-55x55.jpg 55w\" sizes=\"auto, (max-width: 100px) 100vw, 100px\" \/><a title=\"Rolf in Public Residence\" href=\"https:\/\/www.borsig11.de\/wordpress\/category\/public-residence\/rolf-dennemann\/\">Rolf Dennemann<\/a><\/strong> (2015) freier Regisseur, Autor und Schauspieler, wohnt schon lange in der N\u00e4he des Borsigplatzes. Als er 2015 zu Public Residence stie\u00df, nutzte er die Gelegenheit, seine direkte Nachbarschaft neu zu erkunden. Dabei bet\u00e4tigte er sich in erster Linie als Gespr\u00e4chspartner und Aufschreiber. Jeden Sonntag traf sich ein wachsender Kreis an Bewohnern und G\u00e4sten zur \u201eSprechstunde\u201c, um Geschichten des Alltags zu sammeln, vom \u201eKleinen ins Gro\u00dfe\u201c zu r\u00fccken und als \u201eBorsig-Blinks\u201c auf der lokalen B\u00fchne im Chancen-Caf\u00e9 neu zu inszenieren. Im Mai 2015 schlie\u00dflich brachte Rolf Dennemann die \u201eBorsig-Blinks\u201c zur\u00fcck auf die Stra\u00dfe, in Form einer k\u00fcnstlerischen Stadtteilf\u00fchrung zu unbekannten Ber\u00fchmten und Mythen vom Borsigplatz, die das Quartier von einer neuen Seite zeigt. Das Publikum der Sprechstunde w\u00fcnscht sich eine Fortsetzung der Aktivit\u00e4ten.<\/p>\n<p>&gt;&gt; <a href=\"https:\/\/www.borsig11.de\/wordpress\/category\/public-residence\/rolf-dennemann\/\">Projekte<\/a><\/p>\n<p><strong><a href=\"https:\/\/www.borsig11.de\/wordpress\/wp-content\/uploads\/2013\/12\/dorothea_w100.jpg\"><img loading=\"lazy\" decoding=\"async\" class=\"alignleft size-full wp-image-3025\" src=\"https:\/\/www.borsig11.de\/wordpress\/wp-content\/uploads\/2013\/12\/dorothea_w100.jpg\" alt=\"dorothea_w100\" width=\"100\" height=\"100\" srcset=\"https:\/\/www.borsig11.de\/wordpress\/wp-content\/uploads\/2013\/12\/dorothea_w100.jpg 100w, https:\/\/www.borsig11.de\/wordpress\/wp-content\/uploads\/2013\/12\/dorothea_w100-55x55.jpg 55w\" sizes=\"auto, (max-width: 100px) 100vw, 100px\" \/><\/a><a title=\"Dorothea Eitel in Public Residence\" href=\"https:\/\/www.borsig11.de\/wordpress\/category\/public-residence\/dorothea-eitel\/\">Dorothea Eitel<\/a><\/strong> (2015) ist T\u00e4nzerin und Choreografin. Ihr Anliegen ist es, Kunst von Menschen ausgehend und f\u00fcr Menschen zu machen. Die K\u00fcnstlerin hat ihren Aufenthalt in Public Residence genutzt, um \u00fcberraschende Interventionen im Stadtraum durchzuf\u00fchren. Viele ihre Aktionen setzen im Alltag an, zum Beispiel der Versuch, beim \u201eEinkaufen am Borsigplatz\u201c nicht mit Geld, sondern mit Kunst zu bezahlen. Mit einem &#8222;Guerilla-Caf\u00e9&#8220; forderte sie Passanten zum Tanz auf, Stra\u00dfen und Parks wurden tempor\u00e4r zur B\u00fchne gemacht und in ein neues Licht ger\u00fcckt. Bei der &#8222;Maueraktion&#8220; zum Beispiel, haben sich Nachbarn nach einem Akrobatik-Workshop \u00fcbereinander gestapelt und eine 50 Meter lange Mauer entlang eines Fl\u00fcchtlingsheims bespielt. Dorothea Eitel ist es gelungen, Irritationen zu stiften, neue Denk- und Wahrnehmungsmuster anzuregen und einen nachhaltigen Eindruck im Quartier zu hinterlassen.<\/p>\n<p>&gt;&gt; <a href=\"https:\/\/www.borsig11.de\/wordpress\/category\/public-residence\/dorothea-eitel\/\">Projekte<\/a><\/p>\n<p><a title=\"Angela Ljiljanic\" href=\"https:\/\/www.borsig11.de\/wordpress\/category\/public-residence\/angela-ljiljanic\/\" target=\"_blank\" rel=\"noopener noreferrer\"><strong><img loading=\"lazy\" decoding=\"async\" class=\"alignleft wp-image-3929 size-full\" src=\"https:\/\/www.borsig11.de\/wordpress\/wp-content\/uploads\/2013\/12\/P_angela100.jpg\" alt=\"\" width=\"100\" height=\"100\" srcset=\"https:\/\/www.borsig11.de\/wordpress\/wp-content\/uploads\/2013\/12\/P_angela100.jpg 100w, https:\/\/www.borsig11.de\/wordpress\/wp-content\/uploads\/2013\/12\/P_angela100-55x55.jpg 55w\" sizes=\"auto, (max-width: 100px) 100vw, 100px\" \/>Angela Ljiljanic<\/strong><\/a> (2014) interessiert sich f\u00fcr soziokulturelle R\u00e4ume, die zwischen der M\u00f6glichkeit des Scheiterns und der Hervorbringung \u00fcberraschender Handlungsorientierungen lavieren. In solchen Zwischenr\u00e4umen entstehen neue Ideen, und zwar nicht durch sozialromantische Utopien, sondern durch den kreativen Umgang mit der konkreten Wirklichkeit. Nach intensiver Recherche rund um den Borsigplatz hat die K\u00fcnstlerin im Sommer 2014 mit den Chancen von Anwohnern zahlreiche Hochbeete angelegt, in denen Kr\u00e4uter und Gem\u00fcse angepflanzt wurden. Die H\u00e4lfte des Ertrags konnten die Teilnehmer, die sich um die Pflanzen k\u00fcmmerten, in der heimischen K\u00fcche verwerten, die andere H\u00e4lfte sollte f\u00fcr ein \u201eGeschmacksarchiv\u201c verwendet werden, das mit einem gemeinsamen Kochen zusammengestellt wurde. Die Editionen von erlesenen Kr\u00e4uter-\u00d6len, Pasten, So\u00dfen und sonstigen Geschmacksessenzen erfuhren bei der feierlichen Er\u00f6ffnung gro\u00dfe Aufmerksamkeit und wurden in Chancen hoch gehandelt. Seit Angela Ljiljanics Abschied zum Jahreswechsel wird das Geschmacksarchiv von den Teilnehmern eigenst\u00e4ndig fortgef\u00fchrt.<\/p>\n<p>&gt;&gt; <a href=\"https:\/\/www.borsig11.de\/wordpress\/category\/public-residence\/angela-ljiljanic\/\">Projekte<\/a><\/p>\n<p><a title=\"Henrik Mayer \/ REINIGUNGSGESELLSCHAFT\" href=\"https:\/\/www.borsig11.de\/wordpress\/category\/public-residence\/henrik-mayer\/\" target=\"_blank\" rel=\"noopener noreferrer\"><strong><img loading=\"lazy\" decoding=\"async\" class=\"alignleft wp-image-3930 size-full\" src=\"https:\/\/www.borsig11.de\/wordpress\/wp-content\/uploads\/2013\/12\/P_henrik100.jpg\" alt=\"\" width=\"100\" height=\"100\" srcset=\"https:\/\/www.borsig11.de\/wordpress\/wp-content\/uploads\/2013\/12\/P_henrik100.jpg 100w, https:\/\/www.borsig11.de\/wordpress\/wp-content\/uploads\/2013\/12\/P_henrik100-55x55.jpg 55w\" sizes=\"auto, (max-width: 100px) 100vw, 100px\" \/>Henrik Mayer<\/strong><\/a> (2014) ist mit seinem Partner Martin Keil als REINIGUNGSGESELLSCHAFT in den St\u00e4dten dieser Welt unterwegs. Wie die Gebr\u00fcder Grimm sammeln sie Geschichten von Anwohnern, um sie im \u00f6ffentlichen Raum wieder zu erz\u00e4hlen und wirksam zu machen. Gesellschaftliche Problematiken werden spielerisch in neue L\u00f6sungsans\u00e4tze \u00fcberf\u00fchrt. So auch mit der \u201eStadt der Chancengleichheit\u201c, die es Anwohnern im Quartier Borsigplatz erm\u00f6glichte, die Stra\u00dfe, in der sie leben, umzubenennen. Bei einem \u201eLitfa\u00dfs\u00e4ulenfest\u201c wurden erste Ideen in einem \u00f6ffentlichen Stadtplan gesammelt. Der neue Name sollte nicht der Vergangenheit, sondern der Gegenwart und Zukunft der Stra\u00dfe gewidmet sein. Nach und nach breiteten sich die rotwei\u00dfen alternativen Stra\u00dfenschilder im Quartier aus, und es kommen weiter neue hinzu. Neben Stahlwerkstra\u00dfe, Borsigplatz und Hoeschpark gibt es inzwischen Stra\u00dfen wie die Kreative Ruhrallee, die Camino de los Ninos del Mundo, die Stra\u00dfe des Fu\u00dfballerfolgs oder die Stra\u00dfe der realistischen Wunder. Das l\u00e4sst darauf schlie\u00dfen, dass am Borsigplatz noch vieles m\u00f6glich ist.<\/p>\n<p>&gt;&gt; <a href=\"https:\/\/www.borsig11.de\/wordpress\/category\/public-residence\/henrik-mayer\/\">Projekte<\/a><\/p>\n<p><strong><img loading=\"lazy\" decoding=\"async\" class=\"alignleft size-full wp-image-3026\" src=\"https:\/\/www.borsig11.de\/wordpress\/wp-content\/uploads\/2013\/12\/olek_w100.jpg\" alt=\"olek_w100\" width=\"100\" height=\"100\" srcset=\"https:\/\/www.borsig11.de\/wordpress\/wp-content\/uploads\/2013\/12\/olek_w100.jpg 100w, https:\/\/www.borsig11.de\/wordpress\/wp-content\/uploads\/2013\/12\/olek_w100-55x55.jpg 55w\" sizes=\"auto, (max-width: 100px) 100vw, 100px\" \/><a title=\"Olek Witt in Public Residence\" href=\"https:\/\/www.borsig11.de\/wordpress\/category\/public-residence\/olek-witt\">Olek Witt<\/a><\/strong> (2015) ist Performancek\u00fcnstler. Am Borsigplatz hat er zahlreiche Aktivit\u00e4ten angesto\u00dfen, die sich verselbst\u00e4ndigt haben, wie das \u201eWunschkino\u201c oder das \u201eRepair-Caf\u00e9\u201c. Als Schauspieler, Regisseur und Theatermacher hat er in Public Residence vorwiegend mit Jugendlichen gearbeitet, mehrere Theaterst\u00fccke aufgef\u00fchrt und Aktionen im \u00f6ffentlichen Raum unter dem Motto &#8222;Du bist Borsig&#8220; realisiert. So hat er Anfang des Jahres zusammen mit Sch\u00fclern der Kielhorn-F\u00f6rderschule die Aktion &#8222;Landnahme&#8220; vorbereitet und Anwohner gebeten, ihre pers\u00f6nlichen Fahnen zu entwerfen. 50 Skizzen wurden auf Stoff \u00fcbertragen und auf dem Borsigplatz feierlich als individuelle Flaggen gehisst, mit denen die Bev\u00f6lkerung das Niemandsland, die ungenutzte Rasenfl\u00e4che in der Mitte des Verkehrskreisels symbolisch in Besitz nahm. Wenn die Freiheit der Kunst sozialisiert wird, hat das Auswirkungen auf die Gesellschaft. &#8222;Jeder Mensch ist ein K\u00fcnstler&#8220;, ist Witt \u00fcberzeugt. &#8222;In der Freien Republik Borsigplatz darf jeder mitbestimmen.&#8220;<\/p>\n<p>&gt;&gt; <a href=\"https:\/\/www.borsig11.de\/wordpress\/category\/public-residence\/olek-witt\/\">Projekte<\/a><\/p>\n<p>&#8212;<\/p>\n<p><img loading=\"lazy\" decoding=\"async\" class=\"wp-image-5133 size-full\" src=\"https:\/\/www.borsig11.de\/wordpress\/wp-content\/uploads\/2015\/08\/borsig11_strassenkreuzungsfest_1146w.jpg\" alt=\"\" width=\"1200\" height=\"800\" srcset=\"https:\/\/www.borsig11.de\/wordpress\/wp-content\/uploads\/2015\/08\/borsig11_strassenkreuzungsfest_1146w.jpg 1200w, https:\/\/www.borsig11.de\/wordpress\/wp-content\/uploads\/2015\/08\/borsig11_strassenkreuzungsfest_1146w-300x200.jpg 300w, https:\/\/www.borsig11.de\/wordpress\/wp-content\/uploads\/2015\/08\/borsig11_strassenkreuzungsfest_1146w-1024x683.jpg 1024w\" sizes=\"auto, (max-width: 1200px) 100vw, 1200px\" \/><\/p>\n<p>Die kreative Nachbarschaft, die sich bis heute weiter engagiert, hatte ihren Sitz seitdem und bis 2023 im <a href=\"https:\/\/www.borsig11.de\/wordpress\/2015\/01\/103-das-chancen-cafe\/\">Chancen-Caf\u00e9 103.<\/a> BewohnerInnen teilen ihre F\u00e4higkeiten, Interessen und Ideen, um das Quartier weiter zu ver\u00e4ndern. Es wird gemeinsam gekocht und gegessen, es gibt regelm\u00e4\u00dfige Workshops, Kulturveranstaltungen, Ausstellungen, Konzerte und Aktionen auf der Stra\u00dfe. Seit der Schlie\u00dfung des Caf\u00e9s werden die Aktivit\u00e4ten an verschiedenen Orten im Quartier fortgesetzt:<\/p>\n<p>&gt;&gt; <a href=\"https:\/\/www.borsig11.de\/wordpress\/2015\/01\/103-das-chancen-cafe\/\">Chancen-Caf\u00e9 103<\/a><\/p>\n<p>&gt;&gt; <a href=\"https:\/\/www.borsig11.de\/wordpress\/category\/public-residence\/\">zum Programm<\/a><\/p>\n","protected":false},"excerpt":{"rendered":"<p>Public Residence: Die Chance 1. Juni 2014 \u2013 31. Mai 2015 Preistr\u00e4ger faktor kunst 2013 Ein Projekt von Machbarschaft Borsig11 e.V. in Kooperation mit der Montag Stiftung Kunst und Gesellschaft Machbarschaft Borsig11 l\u00e4dt 2014\/15 die Bewohner rund um den Borsigplatz ein, an der Gestaltung einer neuen \u00d6ffentlichkeit mitzuwirken. Vier K\u00fcnstler leben f\u00fcr ein Jahr in &hellip;<\/p>\n","protected":false},"author":10,"featured_media":0,"parent":0,"menu_order":0,"comment_status":"closed","ping_status":"closed","template":"","meta":{"footnotes":""},"class_list":["post-1770","page","type-page","status-publish",""],"_links":{"self":[{"href":"https:\/\/www.borsig11.de\/wordpress\/wp-json\/wp\/v2\/pages\/1770","targetHints":{"allow":["GET"]}}],"collection":[{"href":"https:\/\/www.borsig11.de\/wordpress\/wp-json\/wp\/v2\/pages"}],"about":[{"href":"https:\/\/www.borsig11.de\/wordpress\/wp-json\/wp\/v2\/types\/page"}],"author":[{"embeddable":true,"href":"https:\/\/www.borsig11.de\/wordpress\/wp-json\/wp\/v2\/users\/10"}],"replies":[{"embeddable":true,"href":"https:\/\/www.borsig11.de\/wordpress\/wp-json\/wp\/v2\/comments?post=1770"}],"version-history":[{"count":1,"href":"https:\/\/www.borsig11.de\/wordpress\/wp-json\/wp\/v2\/pages\/1770\/revisions"}],"predecessor-version":[{"id":56596,"href":"https:\/\/www.borsig11.de\/wordpress\/wp-json\/wp\/v2\/pages\/1770\/revisions\/56596"}],"wp:attachment":[{"href":"https:\/\/www.borsig11.de\/wordpress\/wp-json\/wp\/v2\/media?parent=1770"}],"curies":[{"name":"wp","href":"https:\/\/api.w.org\/{rel}","templated":true}]}}