{"id":2,"date":"2011-05-17T08:12:40","date_gmt":"2011-05-17T08:12:40","guid":{"rendered":"http:\/\/www.borsig11.de\/wordpress\/?page_id=2"},"modified":"2024-02-29T11:48:24","modified_gmt":"2024-02-29T10:48:24","slug":"info","status":"publish","type":"page","link":"https:\/\/www.borsig11.de\/wordpress\/info\/","title":{"rendered":"Machbarschaft Borsig11"},"content":{"rendered":"<p><b class=\"\">Machbarschaft Borsig11 ist ein Verein f\u00fcr soziale Kreativit\u00e4t in der Dortmunder Nordstadt. Kreativit\u00e4t ist kein Privileg f\u00fcr einige wenige, sondern eine Ressource, die allen zur Verf\u00fcgung steht. Kreativit\u00e4t ist erneuerbare soziale Energie. Das zeigt sich in den vielf\u00e4ltigen Aktivit\u00e4ten der Bewohner*innen, die ihre F\u00e4higkeiten, Interessen und Ideen teilen, um ihren Lebensraum nachhaltig mit zu gestalten. Hier entsteht eine neue Stadtteilkultur. Dein Beitrag ver\u00e4ndert dein Quartier! <\/b><\/p>\n<p>Die Dortmunder Nordstadt ist gastfreundlich und kreativ. Zu ihren Qualit\u00e4ten geh\u00f6rt die multikulturelle Gesellschaft mit ihren Herausforderungen und Chancen. Berlin, London oder New York profitieren von ihrer Internationalit\u00e4t. Dort sind h\u00e4ufig gerade die marginalisierten Stadtteile besonders nah am Puls der Zeit. G\u00fcnstige Mieten und Freiraum f\u00fcr neue Ideen ziehen Menschen aus aller Welt an, die das Quartier kulturell bereichern und ein innovatives Milieu schaffen, das weitere Entwicklung in Gang setzt. Dortmund ist nicht Paris, aber die Urbanit\u00e4t am Borsigplatz bietet f\u00fcr eine kreative Unternehmung besondere Bedingungen, die man spezifisch nutzen kann. Das Quartier ist wie ein Brennglas, in dem sich gesellschaftliche Entwicklungen b\u00fcndeln, die unser aller Zukunft bestimmen.<\/p>\n<p><strong>2-3 Stra\u00dfen, 2010<\/strong><\/p>\n<p>Im Europ\u00e4ischen Kulturhauptstadtjahr 2010 sind wir auf Einladung des K\u00fcnstlers <a href=\"https:\/\/jochengerz.eu\" target=\"_blank\" rel=\"noopener\">Jochen Gerz<\/a> als Teilnehmer*innen von \u201c<a href=\"https:\/\/web.archive.org\/web\/20230220212714\/http:\/\/2-3strassen.eu\/\" target=\"_blank\" rel=\"noopener\">2-3 Stra\u00dfen<\/a>. Eine Ausstellung in St\u00e4dten des Ruhrgebiets\u201d hierher gekommen. Ein Jahr lang haben wir mietfrei gewohnt, zusammen mit unseren Nachbarn an einem gemeinsamen Text geschrieben (insg. 800 Autoren) und an einer sozialen Plastik mitgewirkt. Soziale Kreativit\u00e4t wurde zum Gestaltungsprinzip der Kunst ebenso wie des allt\u00e4glichen Zusammenlebens. Wir haben miterlebt, wie \u201cKunst sich aufl\u00f6st in Gesellschaft wie Aspirin im Wasser \u2013 und wirkt.\u201d In der Nachfolge von \u201c2-3 Stra\u00dfen\u201d haben wir die Herausforderung angenommen, das Experiment mit der Wirklichkeit weiterzutreiben.<\/p>\n<p><strong>Machbarschaft Borsig11<\/strong><\/p>\n<p>Machbarschaft Borsig11 e.V. wurde im Juni 2011 als Verein gegr\u00fcndet mit dem Ziel einer lokalen multikulturellen B\u00fcrgergesellschaft. Das Projektb\u00fcro am Borsigplatz, das schon Teil von &#8222;2-3 Stra\u00dfen&#8220; war, wurde bis 2020 von der Vivawest Stiftung zur Verf\u00fcgung gestellt. Seit 2021 sind wir im Pfarrb\u00fcro der Hl. Dreifaltigkeits-Kirche am Kleinen Borsigplatz (Flurstra\u00dfe 10) zu Hause. Von hier aus praktizieren wir interkulturellen Austausch und kreative Stadtentwicklung, erproben partizipative Gesellschaftsformen, faire Wirtschafts- und nachhaltige Lebensformen im direkten nachbarschaftlichen Umfeld. Borsig11 ist ein Labor f\u00fcr kulturelle, soziale und \u00f6konomische Praktiken, das die Gegebenheiten vor Ort aufnimmt und neue M\u00f6glichkeiten sichtbar macht. Innovation muss nicht jedes mal das Rad neu erfinden. Tr\u00e4ger der Entwicklung ist die Bev\u00f6lkerung vor Ort. Wir arbeiten an einer lokalen \u00d6ffentlichkeit, die in der Lage ist, Krisen als Chancen zu nutzen und selbst in Aktion zu treten. Kreativit\u00e4t als erneuerbare soziale Energie ist und bleibt die grundlegende Ressource, die uns dabei zur Verf\u00fcgung steht.<\/p>\n<p><strong>Dein Beitrag ver\u00e4ndert dein Quartier<\/strong><\/p>\n<p>Soziale Kreativit\u00e4t ist ansteckend. Sie ist Voraussetzung und Ziel gesellschaftlicher Ver\u00e4nderung, und sie ist der Grund f\u00fcr die nachhaltigen Wirkungen im Quartier. Unsere Arbeit besteht darin, Anl\u00e4sse und Gelegenheiten zu schaffen, bei denen Selbstwirksamkeit erfahrbar wird. Viele m\u00fcssen erst wieder lernen, den eigenen Beitrag wertzusch\u00e4tzen. In vielen einzelnen gemeinsamen Aktivit\u00e4ten wird das Prinzip kollektiver Autorschaft kultiviert: Givebox, Foodsharing, Nachbars Garten, Weltb\u00fccherei, Hofkultur, Kreatives Adressbuch, Street-Soccer, Workshops, Ausstellungen, Nordstadt Sessions u.v.m. In einem offenen Netzwerk, das unterschiedlichste Initiativen unter einem Dach vereinigt, entstehen immer neue soziale Strukturen, die weitere kreative Beteiligung erm\u00f6glichen.<\/p>\n<p><strong>YOUNGSTERS Akademie<br \/>\n<\/strong><\/p>\n<p>Ein Beispiel ist die <a href=\"https:\/\/web.archive.org\/web\/20230624142125\/https:\/\/www.youngsters.de\/\" target=\"_blank\" rel=\"noopener\">YOUNGSTERS Akademie<\/a>. Kinder und Jugendliche sind oft neugieriger als Erwachsene und erkunden gerne ihre kreativen F\u00e4higkeiten. Im gegenw\u00e4rtigen Schulsystem dagegen wird Wissen gro\u00dfenteils reproduzierend angeeignet. 2013 hat Machbarschaft Borsig11 mit Hilfe der BVB-Stiftung \u201cleuchte auf\u201d ein Reporter-Projekt ins Leben gerufen, in dem Jugendliche aus dem Quartier die M\u00f6glichkeit haben, praktisches Wissen und berufliche Perspektiven selbst zu erschlie\u00dfen. Bis heute haben die YOUNGSTERS \u00fcber 80 Video-Reportagen produziert, und das Projekt arbeitet inzwischen mit mehreren Schulen zusammen. &gt; <a href=\"https:\/\/www.youngsters.de\" target=\"_blank\" rel=\"noopener\">www.youngsters.de<\/a><\/p>\n<p><strong>Chancen-Caf\u00e9 103<\/strong><\/p>\n<p>2014\/15 hat Machbarschaft Borsig11 in Kooperation mit der Montag Stiftung Kunst und Gesellschaft das Projekt &#8222;<a href=\"https:\/\/www.borsig11.de\/wordpress\/public-residence\/\">Public Residence: Die Chance<\/a>\u201d (faktor kunst Preis 2013) realisiert. In diesem k\u00fcnstlerisch-sozialen Experiment wurde eine eigene W\u00e4hrung (Chancen) zur F\u00f6rderung sozialer Kreativit\u00e4t eingef\u00fchrt. Chancen sind bares Geld, mit dem man zwar nichts kaufen, mit dem man aber etwas machen kann, f\u00fcr die Gemeinschaft. 100.000 Chancen wurden im Quartier verteilt. Vier K\u00fcnstler*innen wohnten ein Jahr lang in \u201cPublic Residence\u201d, um den kreativen Prozess zu moderieren, an dem sich \u00fcber 500 Bewohner*innen beteiligt haben. Nach dem Ende des Projekts haben sie die Initiative ergriffen und betreiben seither in Eigenregie ein kulturelles Programm im <a href=\"https:\/\/www.borsig11.de\/wordpress\/2015\/01\/103-das-chancen-cafe\/\">Chancen-Caf\u00e9 103<\/a>. Schwerpunkte sind dabei der interkulturelle Austausch und ein nachhaltiger Umgang mit Ressourcen in der Nachbarschaft (z.B. <a href=\"https:\/\/www.borsig11.de\/wordpress\/restlos-gluecklich\/\">Restlos gl\u00fccklich<\/a>). Das Caf\u00e9 gab es bis 2023, die Aktivit\u00e4ten gehen weiter &gt; <a href=\"https:\/\/www.borsig11.de\/wordpress\/category\/public-residence\/\">zum Programm.<\/a><\/p>\n<p><strong>appARTment.ruhr<\/strong><\/p>\n<p>2016 wurde die Chancen-W\u00e4hrung mit dem <a href=\"https:\/\/www.borsig11.de\/wordpress\/2016\/09\/borsig11-erhaelt-preis-fuer-soziale-innovation\/\">N.I.C.E. Award<\/a> f\u00fcr soziale Innovation ausgezeichnet. In Zusammenarbeit mit der KulturMeileNordstadt e.V. und ConcordiArt e.V. haben wir mit Hilfe von ecce 2017 die Anerkennung der Dortmunder Nordstadt als Kreativ.Quartier erreicht. Das kreativ-touristische Initialunternehmen ist das G\u00e4stewohnungs-Projekt <a href=\"https:\/\/web.archive.org\/web\/20230625175217\/https:\/\/www.appartment.ruhr\/\" target=\"_blank\" rel=\"noopener noreferrer\">appARTment.ruhr<\/a>, das Akteure aus verschiedenen Bereichen zusammenbringt \u2013 von K\u00fcnstlern und Kreativen \u00fcber die Wohnungswirtschaft und st\u00e4dtische Institutionen bis zu Einzelh\u00e4ndlern und zivilgesellschaftlichen Initiativen. Zwei Modellwohnungen, zur Verf\u00fcgung gestellt von Vivawest Wohnen GmbH, wurden k\u00fcnstlerisch gestaltet und erm\u00f6glichten Besucher*innen ab Sommer 2018 , die Dortmunder Nordstadt von einer neuen Seite kennenzulernen. Erl\u00f6se sollten in gemeinn\u00fctzige kulturelle Projekte zur\u00fcckflie\u00dfen. Das Konzept hat 2017 den <a href=\"https:\/\/www.borsig11.de\/wordpress\/2017\/11\/urbanana-award-fuer-das-kreativ-quartier-echt-nordstadt\/\">#urbanana Award<\/a> (Preis f\u00fcr kreativen St\u00e4dtetourismus in NRW) erhalten. appARTment.ruhr wurde gef\u00f6rdert vom Ministerium f\u00fcr Kultur und Wissenschaft des Landes NRW. Im Zuge einer umfassenden Umbauma\u00dfnahme mussten die appARTments 2020 leider geschlossen werden und ein neuer Standort wird gesucht.<\/p>\n<p>&#8212;<\/p>\n<p>Machbarschaft Borsig11 e.V.<\/p>\n<p>Neue Teilnehmende, Verb\u00fcndete, Interessierte, Mitarbeiter*innen, Nachbar*innen, Partner*innen, Besucher*innen, neue Ideen: &gt;&gt; <a href=\"mailto:info@borsig11.de\" target=\"_blank\" rel=\"noopener noreferrer\">hier<\/a><\/p>\n<p>Vereins-Satzung Borsig11 &gt;&gt;\u00a0<a title=\"download Vereinssatzung\" href=\"http:\/\/www.borsig11.de\/download\/Borsig11_Vereinssatzung.pdf\" target=\"_blank\" rel=\"noopener noreferrer\">download pdf<\/a><\/p>\n","protected":false},"excerpt":{"rendered":"<p>Machbarschaft Borsig11 ist ein Verein f\u00fcr soziale Kreativit\u00e4t in der Dortmunder Nordstadt. Kreativit\u00e4t ist kein Privileg f\u00fcr einige wenige, sondern eine Ressource, die allen zur Verf\u00fcgung steht. Kreativit\u00e4t ist erneuerbare soziale Energie. Das zeigt sich in den vielf\u00e4ltigen Aktivit\u00e4ten der Bewohner*innen, die ihre F\u00e4higkeiten, Interessen und Ideen teilen, um ihren Lebensraum nachhaltig mit zu gestalten. &hellip;<\/p>\n","protected":false},"author":10,"featured_media":0,"parent":0,"menu_order":0,"comment_status":"closed","ping_status":"closed","template":"","meta":{"footnotes":""},"class_list":["post-2","page","type-page","status-publish",""],"_links":{"self":[{"href":"https:\/\/www.borsig11.de\/wordpress\/wp-json\/wp\/v2\/pages\/2","targetHints":{"allow":["GET"]}}],"collection":[{"href":"https:\/\/www.borsig11.de\/wordpress\/wp-json\/wp\/v2\/pages"}],"about":[{"href":"https:\/\/www.borsig11.de\/wordpress\/wp-json\/wp\/v2\/types\/page"}],"author":[{"embeddable":true,"href":"https:\/\/www.borsig11.de\/wordpress\/wp-json\/wp\/v2\/users\/10"}],"replies":[{"embeddable":true,"href":"https:\/\/www.borsig11.de\/wordpress\/wp-json\/wp\/v2\/comments?post=2"}],"version-history":[{"count":7,"href":"https:\/\/www.borsig11.de\/wordpress\/wp-json\/wp\/v2\/pages\/2\/revisions"}],"predecessor-version":[{"id":56656,"href":"https:\/\/www.borsig11.de\/wordpress\/wp-json\/wp\/v2\/pages\/2\/revisions\/56656"}],"wp:attachment":[{"href":"https:\/\/www.borsig11.de\/wordpress\/wp-json\/wp\/v2\/media?parent=2"}],"curies":[{"name":"wp","href":"https:\/\/api.w.org\/{rel}","templated":true}]}}