{"id":42,"date":"2011-05-17T12:12:23","date_gmt":"2011-05-17T12:12:23","guid":{"rendered":"http:\/\/www.borsig11.de\/wordpress\/?page_id=42"},"modified":"2021-03-25T11:27:30","modified_gmt":"2021-03-25T10:27:30","slug":"kontakt","status":"publish","type":"page","link":"https:\/\/www.borsig11.de\/wordpress\/kontakt\/","title":{"rendered":"Kontakt"},"content":{"rendered":"<p><strong>Machbarschaft Borsig11 e.V.<\/strong><\/p>\n<p>B\u00fcro Borsig11<br \/>\nFlurstra\u00dfe 10<br \/>\n44145 Dortmund<\/p>\n<p>Telefon: 0231 80418150<br \/>\nEmail: <a href=\"mailto:info@borsig11.de\">info(at)borsig11.de<\/a><\/p>\n<p>\u00d6ffnungszeiten:<br \/>\nMo-Fr 11-16 Uhr<br \/>\n(und nach Vereinbarung)<\/p>\n","protected":false},"excerpt":{"rendered":"<p>Machbarschaft Borsig11 e.V. B\u00fcro Borsig11 Flurstra\u00dfe 10 44145 Dortmund Telefon: 0231 80418150 Email: info(at)borsig11.de \u00d6ffnungszeiten: Mo-Fr 11-16 Uhr (und nach Vereinbarung)<\/p>\n","protected":false},"author":10,"featured_media":0,"parent":0,"menu_order":0,"comment_status":"closed","ping_status":"closed","template":"","meta":{"footnotes":""},"class_list":["post-42","page","type-page","status-publish",""],"_links":{"self":[{"href":"https:\/\/www.borsig11.de\/wordpress\/wp-json\/wp\/v2\/pages\/42","targetHints":{"allow":["GET"]}}],"collection":[{"href":"https:\/\/www.borsig11.de\/wordpress\/wp-json\/wp\/v2\/pages"}],"about":[{"href":"https:\/\/www.borsig11.de\/wordpress\/wp-json\/wp\/v2\/types\/page"}],"author":[{"embeddable":true,"href":"https:\/\/www.borsig11.de\/wordpress\/wp-json\/wp\/v2\/users\/10"}],"replies":[{"embeddable":true,"href":"https:\/\/www.borsig11.de\/wordpress\/wp-json\/wp\/v2\/comments?post=42"}],"version-history":[{"count":0,"href":"https:\/\/www.borsig11.de\/wordpress\/wp-json\/wp\/v2\/pages\/42\/revisions"}],"wp:attachment":[{"href":"https:\/\/www.borsig11.de\/wordpress\/wp-json\/wp\/v2\/media?parent=42"}],"curies":[{"name":"wp","href":"https:\/\/api.w.org\/{rel}","templated":true}]}}