{"id":52215,"date":"2019-01-07T13:12:45","date_gmt":"2019-01-07T12:12:45","guid":{"rendered":"http:\/\/www.borsig11.de\/wordpress\/?page_id=52215"},"modified":"2025-09-25T15:44:21","modified_gmt":"2025-09-25T13:44:21","slug":"nordstadt-sessions","status":"publish","type":"page","link":"https:\/\/www.borsig11.de\/wordpress\/nordstadt-sessions\/","title":{"rendered":"Nordstadt Sessions"},"content":{"rendered":"\n<figure class=\"wp-block-image\"><img loading=\"lazy\" decoding=\"async\" width=\"1024\" height=\"555\" src=\"https:\/\/www.borsig11.de\/wordpress\/wp-content\/uploads\/2018\/06\/NORDSTADT-SESSIONS2_1200w-1024x555.jpg\" alt=\"\" class=\"wp-image-51858\" srcset=\"https:\/\/www.borsig11.de\/wordpress\/wp-content\/uploads\/2018\/06\/NORDSTADT-SESSIONS2_1200w-1024x555.jpg 1024w, https:\/\/www.borsig11.de\/wordpress\/wp-content\/uploads\/2018\/06\/NORDSTADT-SESSIONS2_1200w-300x163.jpg 300w, https:\/\/www.borsig11.de\/wordpress\/wp-content\/uploads\/2018\/06\/NORDSTADT-SESSIONS2_1200w-768x416.jpg 768w, https:\/\/www.borsig11.de\/wordpress\/wp-content\/uploads\/2018\/06\/NORDSTADT-SESSIONS2_1200w-600x325.jpg 600w, https:\/\/www.borsig11.de\/wordpress\/wp-content\/uploads\/2018\/06\/NORDSTADT-SESSIONS2_1200w.jpg 1200w\" sizes=\"auto, (max-width: 1024px) 100vw, 1024px\" \/><\/figure>\n\n\n\n<p><strong>Freitags, ab 19 Uhr <\/strong><\/p>\n\n\n\n<p>Dreifaltigkeitskirche, Flurstra\u00dfe 8, 44145 Dortmund<br>oder Langer August, Braunschweiger Str. 22, 44145 Dortmund<\/p>\n\n\n\n<p>Wie klingt die Dortmunder Nordstadt? Jeden zweiten Freitag treffen sich Musiker*innen der freien Szene des Ruhrgebiets und Musikinteressierte zum interkulturellen Jam im Dortmunder Borsigplatz-Quartier. <\/p>\n\n\n\n<p>Wir sind Viele, wir sind Eins \u2013 Rock, Blues, Reggae, Punk, Funk, Soul, Jazz und Neue Musik mischen sich mit afrikanischen Rhythmen, orientalischen Kl\u00e4ngen, ganz individuellen Beitr\u00e4gen und bringen in immer anderen Improvisationen einen neuen Sound hervor: spannend, vielf\u00e4ltig und \u00fcberraschend wie die Nordstadt selbst.<\/p>\n\n\n\n<p>Opener Bands jeder Musikrichtung sind willkommen. Die B\u00fchne ist offen f\u00fcr alle, die den Sound der Nordstadt mit musikalischen Beitr\u00e4gen bereichern wollen. Der Eintritt ist frei.<\/p>\n\n\n\n<p>Die Initiative ist im Chancen-Caf\u00e9 103 entstanden, im Rahmen des Projekts &#8222;Marhaba 103&#8220; von Sebastiao Sala \/ Machbarschaft Borsig11, fand 2018\/19 regelm\u00e4\u00dfig in der DO-BO Villa im Hoeschpark statt, und 2020-23 wieder auf der Kleinen B\u00fchne 103. Seit April 2023 sind wir in der Dreifaltigkeitskirche in der Flurstra\u00dfe 8 oder im Langen August in der Braunschweiger Str. 22 am Nordmarkt.<\/p>\n\n\n\n<p>In Corona-Zeiten haben wir unsere Aktivit\u00e4ten vor die T\u00fcr verlagert \u2013 dahin, wo die Aerosole schnell verfliegen. Im Lockdown haben wir w\u00f6chentlich lokale Musiker*innen im Livestream auf Facebook vorgestellt. Inzwischen findet die Nordstadt Session wieder regul\u00e4r statt, an verschiedenen Orten, der Opener wird weiterhin im Livestream \u00fcbertragen.<\/p>\n\n\n\n<p>Kontakt: <a href=\"mailto:info@borsig11.de\">info(at)borsig11.de<\/a><\/p>\n\n\n\n<p>&gt;&gt; <a href=\"https:\/\/www.borsig11.de\/wordpress\/?s=Nordstadt%20Session\">Nordstadt Session Programm<\/a><\/p>\n\n\n\n<p>Nordstadt Session Livestream: <a href=\"https:\/\/www.youtube.com\/@MachbarschaftBorsig11\/streams\">https:\/\/www.youtube.com\/@MachbarschaftBorsig11\/streams<\/a><\/p>\n\n\n\n<p>Playlist Nordstadt Session:<\/p>\n\n\n\n<iframe loading=\"lazy\" src=\"https:\/\/www.youtube.com\/embed\/videoseries?list=PLu8jQYk5XHm4FEXNmVwDmRpgLlykuz24l\" allow=\"accelerometer; autoplay; encrypted-media; gyroscope; picture-in-picture\" allowfullscreen=\"\" width=\"560\" height=\"315\" frameborder=\"0\"><\/iframe>\n\n\n\n<p>&#8212;<\/p>\n\n\n\n<p>Die <a href=\"https:\/\/www.borsig11.de\/wordpress\/nordstadt-sessions\/\">Nordstadt Sessions<\/a> sind ein Projekt von Julia Rumi \/ <a href=\"https:\/\/www.borsig11.de\/wordpress\/info\/\">Machbarschaft Borsig11 e.V.<\/a>, gef\u00f6rdert vom Ministerium f\u00fcr Kultur und Wissenschaft des Landes Nordrhein-Westfalen, vom Landesmusikrat NRW, von <a href=\"https:\/\/interkultur.ruhr\" target=\"_blank\" rel=\"noreferrer noopener\">Interkultur Ruhr<\/a> und vom Kulturb\u00fcro Dortmund, realisiert mit den\u00a0<a href=\"https:\/\/www.borsig11.de\/wordpress\/2014\/06\/100-000-chancen-fuer-den-borsigplatz\/\" target=\"_blank\" rel=\"noreferrer noopener\">Chancen<\/a>\u00a0der Bewohner:innen des Borsigplatz-Quartiers.<\/p>\n\n\n\n<p><\/p>\n\n\n\n<p><\/p>\n\n\n\n<figure class=\"wp-block-image is-style-default\"><img decoding=\"async\" src=\"https:\/\/www.borsig11.de\/wordpress\/wp-content\/uploads\/2018\/10\/Interkultur_rvr_GEO_s_bis25mm-300x43.png\" alt=\"Dieses Bild hat ein leeres Alt-Attribut. Der Dateiname ist Interkultur_rvr_GEO_s_bis25mm-300x43.png\"\/><\/figure>\n\n\n\n<figure class=\"wp-block-image is-style-default\"><img decoding=\"async\" src=\"https:\/\/www.borsig11.de\/wordpress\/wp-content\/uploads\/2018\/11\/AK_Kultur-und-Wissenschaft_Schwarz_RGB_kl-300x62.png\" alt=\"Dieses Bild hat ein leeres Alt-Attribut. Der Dateiname ist AK_Kultur-und-Wissenschaft_Schwarz_RGB_kl-300x62.png\"\/><\/figure>\n\n\n<div class=\"wp-block-image is-style-default\">\n<figure class=\"alignleft is-resized\"><img decoding=\"async\" src=\"https:\/\/www.borsig11.de\/wordpress\/wp-content\/uploads\/2018\/10\/LogoKulturbu\u0308ro_sw-Wappen_gefu\u0308llt_web-1024x265.jpg\" alt=\"\" class=\"wp-image-52001\" style=\"width:294px;height:76px\"\/><\/figure>\n<\/div>\n\n\n<p><\/p>\n\n\n\n<p><\/p>\n\n\n\n<p><\/p>\n\n\n<div class=\"wp-block-image is-style-default\">\n<figure class=\"alignleft size-full is-resized\"><a href=\"https:\/\/www.borsig11.de\/wordpress\/wp-content\/uploads\/2022\/09\/Logo_Landesmusikrat_500.jpg\"><img loading=\"lazy\" decoding=\"async\" width=\"500\" height=\"101\" src=\"https:\/\/www.borsig11.de\/wordpress\/wp-content\/uploads\/2022\/09\/Logo_Landesmusikrat_500.jpg\" alt=\"\" class=\"wp-image-55505\" style=\"width:304px;height:61px\" srcset=\"https:\/\/www.borsig11.de\/wordpress\/wp-content\/uploads\/2022\/09\/Logo_Landesmusikrat_500.jpg 500w, https:\/\/www.borsig11.de\/wordpress\/wp-content\/uploads\/2022\/09\/Logo_Landesmusikrat_500-300x61.jpg 300w\" sizes=\"auto, (max-width: 500px) 100vw, 500px\" \/><\/a><\/figure>\n<\/div>\n\n\n<p><\/p>\n\n\n\n<p><\/p>\n","protected":false},"excerpt":{"rendered":"<p>Freitags, ab 19 Uhr Dreifaltigkeitskirche, Flurstra\u00dfe 8, 44145 Dortmundoder Langer August, Braunschweiger Str. 22, 44145 Dortmund Wie klingt die Dortmunder Nordstadt? Jeden zweiten Freitag treffen sich Musiker*innen der freien Szene des Ruhrgebiets und Musikinteressierte zum interkulturellen Jam im Dortmunder Borsigplatz-Quartier. Wir sind Viele, wir sind Eins \u2013 Rock, Blues, Reggae, Punk, Funk, Soul, Jazz und &hellip;<\/p>\n","protected":false},"author":10,"featured_media":51858,"parent":0,"menu_order":0,"comment_status":"closed","ping_status":"closed","template":"","meta":{"footnotes":""},"class_list":["post-52215","page","type-page","status-publish","has-post-thumbnail",""],"_links":{"self":[{"href":"https:\/\/www.borsig11.de\/wordpress\/wp-json\/wp\/v2\/pages\/52215","targetHints":{"allow":["GET"]}}],"collection":[{"href":"https:\/\/www.borsig11.de\/wordpress\/wp-json\/wp\/v2\/pages"}],"about":[{"href":"https:\/\/www.borsig11.de\/wordpress\/wp-json\/wp\/v2\/types\/page"}],"author":[{"embeddable":true,"href":"https:\/\/www.borsig11.de\/wordpress\/wp-json\/wp\/v2\/users\/10"}],"replies":[{"embeddable":true,"href":"https:\/\/www.borsig11.de\/wordpress\/wp-json\/wp\/v2\/comments?post=52215"}],"version-history":[{"count":11,"href":"https:\/\/www.borsig11.de\/wordpress\/wp-json\/wp\/v2\/pages\/52215\/revisions"}],"predecessor-version":[{"id":57445,"href":"https:\/\/www.borsig11.de\/wordpress\/wp-json\/wp\/v2\/pages\/52215\/revisions\/57445"}],"wp:featuredmedia":[{"embeddable":true,"href":"https:\/\/www.borsig11.de\/wordpress\/wp-json\/wp\/v2\/media\/51858"}],"wp:attachment":[{"href":"https:\/\/www.borsig11.de\/wordpress\/wp-json\/wp\/v2\/media?parent=52215"}],"curies":[{"name":"wp","href":"https:\/\/api.w.org\/{rel}","templated":true}]}}