{"id":54722,"date":"2022-03-27T14:06:49","date_gmt":"2022-03-27T12:06:49","guid":{"rendered":"https:\/\/www.borsig11.de\/wordpress\/?page_id=54722"},"modified":"2023-06-30T18:14:52","modified_gmt":"2023-06-30T16:14:52","slug":"welcome-to-103","status":"publish","type":"page","link":"https:\/\/www.borsig11.de\/wordpress\/welcome-to-103\/","title":{"rendered":"\u041b\u0430\u0441\u043a\u0430\u0432\u043e \u043f\u0440\u043e\u0441\u0438\u043c\u043e \u043d\u0430 103!"},"content":{"rendered":"\n<figure class=\"wp-block-image size-large\"><a href=\"https:\/\/www.borsig11.de\/wordpress\/wp-content\/uploads\/2022\/03\/Ukraine_ukr_1200_800.jpg\"><img loading=\"lazy\" decoding=\"async\" width=\"1024\" height=\"683\" src=\"https:\/\/www.borsig11.de\/wordpress\/wp-content\/uploads\/2022\/03\/Ukraine_ukr_1200_800-1024x683.jpg\" alt=\"\" class=\"wp-image-54723\" srcset=\"https:\/\/www.borsig11.de\/wordpress\/wp-content\/uploads\/2022\/03\/Ukraine_ukr_1200_800-1024x683.jpg 1024w, https:\/\/www.borsig11.de\/wordpress\/wp-content\/uploads\/2022\/03\/Ukraine_ukr_1200_800-300x200.jpg 300w, https:\/\/www.borsig11.de\/wordpress\/wp-content\/uploads\/2022\/03\/Ukraine_ukr_1200_800-768x512.jpg 768w, https:\/\/www.borsig11.de\/wordpress\/wp-content\/uploads\/2022\/03\/Ukraine_ukr_1200_800-800x533.jpg 800w, https:\/\/www.borsig11.de\/wordpress\/wp-content\/uploads\/2022\/03\/Ukraine_ukr_1200_800.jpg 1200w\" sizes=\"auto, (max-width: 1024px) 100vw, 1024px\" \/><\/a><\/figure>\n\n\n\n<p><strong>B\u00fcro 103, Flurstra\u00dfe 10, 44145 Dortmund <br>Mo-Do, 11-15 Uhr<\/strong> <\/p>\n\n\n\n<p>\u041c\u0438 \u0441\u0443\u0441\u0456\u0434\u0438 \u0437 \u0440\u0456\u0437\u043d\u0438\u0445 \u043a\u0440\u0430\u0457\u043d \u0456 \u0434\u043e\u043f\u043e\u043c\u0430\u0433\u0430\u0454\u043c\u043e \u043e\u0434\u043d\u0435 \u043e\u0434\u043d\u043e\u043c\u0443. \u042f\u043a\u0449\u043e \u0432\u0438 \u043d\u043e\u0432\u0430\u0447\u043e\u043a \u0443 \u0414\u043e\u0440\u0442\u043c\u0443\u043d\u0434\u0456, \u043c\u0438 \u0437 \u0440\u0430\u0434\u0456\u0441\u0442\u044e \u0434\u043e\u043f\u043e\u043c\u043e\u0436\u0435\u043c\u043e \u0432\u0430\u043c \u0437\u043d\u0430\u0439\u0442\u0438 \u0441\u0432\u0456\u0439 \u0448\u043b\u044f\u0445. \u0421\u043a\u0430\u0436\u0456\u0442\u044c \u043d\u0430\u043c, \u0449\u043e \u0432\u0430\u043c \u043f\u043e\u0442\u0440\u0456\u0431\u043d\u043e, \u0456 \u043c\u0438 \u0441\u043f\u0440\u043e\u0431\u0443\u0454\u043c\u043e \u0437\u043d\u0430\u0439\u0442\u0438 \u0440\u0456\u0448\u0435\u043d\u043d\u044f.<\/p>\n\n\n\n<p><a href=\"https:\/\/www.borsig11.de\/wordpress\/2015\/01\/103-das-chancen-cafe\/\" target=\"_blank\" rel=\"noreferrer noopener\">\u041d\u0430\u0448\u0435 \u043a\u0430\u0444\u0435<\/a> \u2013 \u0447\u0443\u0434\u043e\u0432\u0435 \u043c\u0456\u0441\u0446\u0435 \u0434\u043b\u044f \u0437\u0443\u0441\u0442\u0440\u0456\u0447\u0435\u0439. \u041c\u0438 \u043f\u0456\u0434\u0442\u0440\u0438\u043c\u0443\u0454\u043c\u043e \u0432\u0430\u0441 \u0443 \u0441\u043f\u0456\u043b\u043a\u0443\u0432\u0430\u043d\u043d\u0456 \u0437 \u043e\u0444\u0456\u0441\u0430\u043c\u0438 \u0442\u0430 \u043e\u0440\u0433\u0430\u043d\u0430\u043c\u0438 \u0432\u043b\u0430\u0434\u0438, \u0437\u0431\u0438\u0440\u0430\u0454\u043c\u043e \u043d\u0430\u0442\u0443\u0440\u0430\u043b\u044c\u043d\u0456 \u043f\u043e\u0436\u0435\u0440\u0442\u0432\u0438, \u0448\u0443\u043a\u0430\u0454\u043c\u043e \u043a\u0432\u0430\u0440\u0442\u0438\u0440\u0438, \u043d\u0430\u043b\u0430\u0433\u043e\u0434\u0436\u0443\u0454\u043c\u043e \u043a\u043e\u043d\u0442\u0430\u043a\u0442\u0438, \u043f\u0440\u043e\u043f\u043e\u043d\u0443\u0454\u043c\u043e \u043f\u0440\u043e\u0441\u0442\u0456\u0440 \u0434\u043b\u044f \u0432\u0430\u0448\u043e\u0457 \u0432\u043b\u0430\u0441\u043d\u043e\u0457 \u0456\u043d\u0456\u0446\u0456\u0430\u0442\u0438\u0432\u0438 \u0442\u0430 \u0432\u0456\u0434\u043a\u0440\u0438\u0442\u0456 \u0434\u043b\u044f \u0432\u0430\u0448\u0438\u0445 \u0437\u0430\u043f\u0438\u0442\u0430\u043d\u044c.<\/p>\n\n\n\n<p>Wir sind Nachbar*innen aus verschiedenen L\u00e4ndern, und wir helfen uns selbst. Wenn du neu in Dortmund bist, helfen wir dir gerne, dich zurechtzufinden. Sag uns, was du brauchst, und wir versuchen, eine L\u00f6sung zu finden.<\/p>\n\n\n\n<p>Unser B\u00fcro bietet sich als <a href=\"https:\/\/www.borsig11.de\/wordpress\/2015\/01\/103-das-chancen-cafe\/\" target=\"_blank\" rel=\"noreferrer noopener\">Treffpunkt<\/a> an. Wir unterst\u00fctzen dich bei der Kommunikation mit \u00c4mtern &amp; Beh\u00f6rden, sammeln Sachspenden, suchen nach Wohnungen, vermitteln Kontakte, bieten Raum f\u00fcr eigene Initiative und haben ein offenes Ohr f\u00fcr deine Fragen.<\/p>\n\n\n\n<p>Du m\u00f6chtest mithelfen? <a href=\"https:\/\/www.borsig11.de\/wordpress\/ukraine-hilfe-103\/\">&gt;&gt; Ukraine-Hilfe 103<\/a><\/p>\n\n\n\n<p><strong>\u041a\u043e\u043d\u0442\u0430\u043a\u0442\u043d\u0430 \u043e\u0441\u043e\u0431\u0430 \/ Ansprechpartnerin: <\/strong><\/p>\n\n\n\n<div class=\"wp-block-media-text alignwide is-stacked-on-mobile\"><figure class=\"wp-block-media-text__media\"><img loading=\"lazy\" decoding=\"async\" width=\"800\" height=\"800\" src=\"https:\/\/www.borsig11.de\/wordpress\/wp-content\/uploads\/2022\/03\/zhanna_6464_800.jpg\" alt=\"\" class=\"wp-image-54750 size-full\" srcset=\"https:\/\/www.borsig11.de\/wordpress\/wp-content\/uploads\/2022\/03\/zhanna_6464_800.jpg 800w, https:\/\/www.borsig11.de\/wordpress\/wp-content\/uploads\/2022\/03\/zhanna_6464_800-300x300.jpg 300w, https:\/\/www.borsig11.de\/wordpress\/wp-content\/uploads\/2022\/03\/zhanna_6464_800-150x150.jpg 150w, https:\/\/www.borsig11.de\/wordpress\/wp-content\/uploads\/2022\/03\/zhanna_6464_800-768x768.jpg 768w, https:\/\/www.borsig11.de\/wordpress\/wp-content\/uploads\/2022\/03\/zhanna_6464_800-100x100.jpg 100w\" sizes=\"auto, (max-width: 800px) 100vw, 800px\" \/><\/figure><div class=\"wp-block-media-text__content\">\n<p class=\"has-large-font-size\">\u0416\u0430\u043d\u043d\u0430 \u042f\u0445\u043d\u0456\u0441<\/p>\n\n\n\n<p>Zhanna Yakhnis<\/p>\n\n\n\n<p>\u041f\u0438\u0448\u0456\u0442\u044c \u043c\u0435\u043d\u0456 \u0443\u043a\u0440\u0430\u0457\u043d\u0441\u044c\u043a\u043e\u044e, \u0440\u043e\u0441\u0456\u0439\u0441\u044c\u043a\u043e\u044e \u0447\u0438 \u043d\u0456\u043c\u0435\u0446\u044c\u043a\u043e\u044e, \u0430\u0431\u043e \u0437\u0430\u0445\u043e\u0434\u044c\u0442\u0435 \u0434\u043e \u043c\u0435\u043d\u0435<\/p>\n\n\n\n<p>Schreib mir auf ukrainisch, russisch oder deutsch, oder komm\u2019 uns besuchen:<\/p>\n\n\n\n<p>&gt;&gt; <a href=\"mailto:zhanna.yakhnis@borsig11.de\"><strong>zhanna.yakhnis@borsig11.de<\/strong><\/a><\/p>\n\n\n\n<p>&gt;&gt; +49 176 22992523<\/p>\n\n\n\n<p><\/p>\n\n\n\n<p>  <\/p>\n<\/div><\/div>\n\n\n\n<p><\/p>\n\n\n\n<p><\/p>\n\n\n\n<p>&#8212;<\/p>\n\n\n\n<p>\u041b\u0430\u0441\u043a\u0430\u0432\u043e \u043f\u0440\u043e\u0441\u0438\u043c\u043e \u043d\u0430 103! \u2013 \u0446\u0435 \u043f\u0440\u043e\u0435\u043a\u0442 \u0416\u0430\u043d\u043d\u0438 \u042f\u0445\u043d\u0456\u0441 &amp; Sieglinde Albrecht \/ <a href=\"https:\/\/www.borsig11.de\">Machbarschaft Borsig11 e.V.<\/a>, \u0440\u0435\u0430\u043b\u0456\u0437\u043e\u0432\u0430\u043d\u0438\u0439 \u0437\u0430 \u0434\u043e\u043f\u043e\u043c\u043e\u0433\u043e\u044e \u043c\u043e\u0436\u043b\u0438\u0432\u043e\u0441\u0442\u0435\u0439 \u0436\u0438\u0442\u0435\u043b\u0456\u0432 \u0440\u0430\u0439\u043e\u043d\u0443 \u0411\u043e\u0440\u0441\u0456\u0433\u043f\u043b\u0430\u0446.<\/p>\n\n\n\n<p>Die Ukraine-Hilfe 103 ist ein Projekt von Zhanna Yakhnis &amp; Sieglinde Albrecht \/ <a href=\"https:\/\/www.borsig11.de\">Machbarschaft Borsig11 e.V.<\/a>, mit freundlicher Unterst\u00fctzung von thyssenkrupp Steel, realisiert mit den Chancen der Bewohner*innen des Borsigplatz-Quartiers.<\/p>\n\n\n\n<figure class=\"wp-block-image size-full is-resized is-style-default\"><a href=\"https:\/\/www.borsig11.de\/wordpress\/wp-content\/uploads\/2022\/04\/tk_Secondary_Logo_RGB_300dpi.jpg\"><img loading=\"lazy\" decoding=\"async\" src=\"https:\/\/www.borsig11.de\/wordpress\/wp-content\/uploads\/2022\/04\/tk_Secondary_Logo_RGB_300dpi.jpg\" alt=\"\" class=\"wp-image-54880\" width=\"213\" height=\"73\" srcset=\"https:\/\/www.borsig11.de\/wordpress\/wp-content\/uploads\/2022\/04\/tk_Secondary_Logo_RGB_300dpi.jpg 591w, https:\/\/www.borsig11.de\/wordpress\/wp-content\/uploads\/2022\/04\/tk_Secondary_Logo_RGB_300dpi-300x103.jpg 300w\" sizes=\"auto, (max-width: 213px) 100vw, 213px\" \/><\/a><\/figure>\n\n\n\n<p>&#8212;<\/p>\n\n\n\n<p><strong>\u043f\u043e\u0434\u0456\u0457 \/ Veranstaltungen:<\/strong><\/p>\n\n\n\n<p><a href=\"https:\/\/www.borsig11.de\/wordpress\/2023\/06\/thyssenkrupp-sommerfest\/\" target=\"_blank\" rel=\"noreferrer noopener\">\u041b\u0430\u0441\u043a\u0430\u0432\u043e \u043f\u0440\u043e\u0441\u0438\u043c\u043e \u043d\u0430 103: thyssenkrupp Sommerfest, 18.06.2023<\/a><\/p>\n\n\n\n<p><a href=\"https:\/\/www.borsig11.de\/wordpress\/2022\/12\/ukrainisches-weihnachtsfest-in-hagen\/\" target=\"_blank\" rel=\"noreferrer noopener\">\u041b\u0430\u0441\u043a\u0430\u0432\u043e \u043f\u0440\u043e\u0441\u0438\u043c\u043e \u043d\u0430 103: Ukrainisches Weihnachtsfest in Hagen, 16.12.2022<\/a><\/p>\n\n\n\n<p><a href=\"https:\/\/www.borsig11.de\/wordpress\/2022\/09\/%d0%bb%d0%b0%d1%81%d0%ba%d0%b0%d0%b2%d0%be-%d0%bf%d1%80%d0%be%d1%81%d0%b8%d0%bc%d0%be-%d0%bd%d0%b0-103-es-wird-herbst\/\" target=\"_blank\" rel=\"noreferrer noopener\">\u041b\u0430\u0441\u043a\u0430\u0432\u043e \u043f\u0440\u043e\u0441\u0438\u043c\u043e \u043d\u0430 103: Es wird Herbst. 20.09.2022<\/a><\/p>\n\n\n\n<p><a href=\"https:\/\/www.borsig11.de\/wordpress\/2022\/09\/%d0%bb%d0%b0%d1%81%d0%ba%d0%b0%d0%b2%d0%be-%d0%bf%d1%80%d0%be%d1%81%d0%b8%d0%bc%d0%be-%d0%bd%d0%b0-103-volles-programm-im-august-2022\/\" target=\"_blank\" rel=\"noreferrer noopener\">\u041b\u0430\u0441\u043a\u0430\u0432\u043e \u043f\u0440\u043e\u0441\u0438\u043c\u043e \u043d\u0430 103: Volles Programm im August 2022, 04.09.2022<\/a><\/p>\n\n\n\n<p><a href=\"https:\/\/www.borsig11.de\/wordpress\/2022\/08\/%d0%bb%d0%b0%d1%81%d0%ba%d0%b0%d0%b2%d0%be-%d0%bf%d1%80%d0%be%d1%81%d0%b8%d0%bc%d0%be-%d0%bd%d0%b0-103-batik-workshop-bei-der-awo\/\" target=\"_blank\" rel=\"noreferrer noopener\">\u041b\u0430\u0441\u043a\u0430\u0432\u043e \u043f\u0440\u043e\u0441\u0438\u043c\u043e \u043d\u0430 103: Batik-Workshop bei der AWO, 02.08.2022<\/a><\/p>\n\n\n\n<p><a href=\"https:\/\/www.borsig11.de\/wordpress\/2022\/07\/%d0%bb%d0%b0%d1%81%d0%ba%d0%b0%d0%b2%d0%be-%d0%bf%d1%80%d0%be%d1%81%d0%b8%d0%bc%d0%be-%d0%bd%d0%b0-103-open-air-malkurs-mit-elena\/\">\u041b\u0430\u0441\u043a\u0430\u0432\u043e \u043f\u0440\u043e\u0441\u0438\u043c\u043e \u043d\u0430 103: Open Air Malkurs mit Elena, 26.07.2022<\/a><\/p>\n\n\n\n<p><a href=\"https:\/\/www.borsig11.de\/wordpress\/2022\/06\/%d0%bb%d0%b0%d1%81%d0%ba%d0%b0%d0%b2%d0%be-%d0%bf%d1%80%d0%be%d1%81%d0%b8%d0%bc%d0%be-%d0%bd%d0%b0-103-sport-vor-ort\/\">\u041b\u0430\u0441\u043a\u0430\u0432\u043e \u043f\u0440\u043e\u0441\u0438\u043c\u043e \u043d\u0430 103: Sport vor Ort, 14.07.2022<\/a><\/p>\n\n\n\n<p><a href=\"https:\/\/www.borsig11.de\/wordpress\/2022\/06\/%d0%bb%d0%b0%d1%81%d0%ba%d0%b0%d0%b2%d0%be-%d0%bf%d1%80%d0%be%d1%81%d0%b8%d0%bc%d0%be-%d0%bd%d0%b0-103-yoga-mit-natalia\/\" target=\"_blank\" rel=\"noreferrer noopener\">Yoga mit Natalia, 24.06.2022<\/a><\/p>\n\n\n\n<p><a href=\"https:\/\/www.borsig11.de\/wordpress\/2022\/06\/%d0%bb%d0%b0%d1%81%d0%ba%d0%b0%d0%b2%d0%be-%d0%bf%d1%80%d0%be%d1%81%d0%b8%d0%bc%d0%be-%d0%bd%d0%b0-atelier-103\/\" target=\"_blank\" rel=\"noreferrer noopener\">\u041b\u0430\u0441\u043a\u0430\u0432\u043e \u043f\u0440\u043e\u0441\u0438\u043c\u043e \u043d\u0430 Atelier 103, 15.06.2022<\/a><\/p>\n\n\n\n<p><a href=\"https:\/\/www.borsig11.de\/wordpress\/2022\/05\/batik-workshop-teil-3\/\" target=\"_blank\" rel=\"noreferrer noopener\">Batik Workshop Teil 3, 09.06.2022<\/a><\/p>\n\n\n\n<p><a href=\"https:\/\/www.borsig11.de\/wordpress\/2022\/05\/batik-workshop-teil-2\/\">Batik Workshop Teil 2, 26.05.2022<\/a><\/p>\n\n\n\n<p><a href=\"https:\/\/www.borsig11.de\/wordpress\/2022\/05\/%d0%bb%d0%b0%d1%81%d0%ba%d0%b0%d0%b2%d0%be-%d0%bf%d1%80%d0%be%d1%81%d0%b8%d0%bc%d0%be-%d0%bd%d0%b0-103-kinderkino\/\">\u041b\u0430\u0441\u043a\u0430\u0432\u043e \u043f\u0440\u043e\u0441\u0438\u043c\u043e \u043d\u0430 103: Kinderkino, 20.05.2022<\/a><\/p>\n\n\n\n<p><a href=\"https:\/\/www.borsig11.de\/wordpress\/2022\/05\/batik-mit-elena\/\" target=\"_blank\" rel=\"noreferrer noopener\">Batik mit Elena, 19.05.2022<\/a><\/p>\n\n\n\n<p><a href=\"https:\/\/www.borsig11.de\/wordpress\/2022\/05\/naehen-mit-natalia\/\" target=\"_blank\" rel=\"noreferrer noopener\">N\u00e4hen mit Natalia, 13.05.2022<\/a><\/p>\n\n\n\n<p><a href=\"https:\/\/www.borsig11.de\/wordpress\/2022\/05\/kino-in-hagen\/\" target=\"_blank\" rel=\"noreferrer noopener\">Kino in Hagen, 12.05.2022<\/a><\/p>\n\n\n\n<p><a href=\"https:\/\/www.borsig11.de\/wordpress\/2022\/05\/malen-mit-elena\/\">M<\/a><a href=\"https:\/\/www.borsig11.de\/wordpress\/2022\/05\/malen-mit-elena\/\" target=\"_blank\" rel=\"noreferrer noopener\">alen mit Elena, 10.05.2022<\/a><\/p>\n\n\n\n<p><a href=\"https:\/\/www.borsig11.de\/wordpress\/2022\/05\/annas-beauty-school-in-hagen\/\">Annas Bea<\/a><a href=\"https:\/\/www.borsig11.de\/wordpress\/2022\/05\/annas-beauty-school-in-hagen\/\" target=\"_blank\" rel=\"noreferrer noopener\">uty-School in Hagen, 06.05.2022<\/a><\/p>\n\n\n\n<p><a href=\"https:\/\/www.borsig11.de\/wordpress\/2022\/04\/malkurs-mit-sultan-khairandish\/\" target=\"_blank\" rel=\"noreferrer noopener\">Malkurs mit Sultan Khairandish, 26.04.2022<\/a><\/p>\n\n\n\n<p><a href=\"https:\/\/www.borsig11.de\/wordpress\/2022\/04\/ukraine-hilfe-103-in-hagen\/\">U<\/a><a href=\"https:\/\/www.borsig11.de\/wordpress\/2022\/04\/ukraine-hilfe-103-in-hagen\/\" target=\"_blank\" rel=\"noreferrer noopener\">kraine-Hilfe 103 in Hagen, 21.04.2022<\/a><\/p>\n\n\n\n<p><a href=\"https:\/\/www.borsig11.de\/wordpress\/2022\/01\/beauty-for-ukraine\/\">B<\/a><a href=\"https:\/\/www.borsig11.de\/wordpress\/2022\/01\/beauty-for-ukraine\/\" target=\"_blank\" rel=\"noreferrer noopener\">eauty for Ukraine, 08.04.2022<\/a><\/p>\n","protected":false},"excerpt":{"rendered":"<p>B\u00fcro 103, Flurstra\u00dfe 10, 44145 Dortmund Mo-Do, 11-15 Uhr \u041c\u0438 \u0441\u0443\u0441\u0456\u0434\u0438 \u0437 \u0440\u0456\u0437\u043d\u0438\u0445 \u043a\u0440\u0430\u0457\u043d \u0456 \u0434\u043e\u043f\u043e\u043c\u0430\u0433\u0430\u0454\u043c\u043e \u043e\u0434\u043d\u0435 \u043e\u0434\u043d\u043e\u043c\u0443. \u042f\u043a\u0449\u043e \u0432\u0438 \u043d\u043e\u0432\u0430\u0447\u043e\u043a \u0443 \u0414\u043e\u0440\u0442\u043c\u0443\u043d\u0434\u0456, \u043c\u0438 \u0437 \u0440\u0430\u0434\u0456\u0441\u0442\u044e \u0434\u043e\u043f\u043e\u043c\u043e\u0436\u0435\u043c\u043e \u0432\u0430\u043c \u0437\u043d\u0430\u0439\u0442\u0438 \u0441\u0432\u0456\u0439 \u0448\u043b\u044f\u0445. \u0421\u043a\u0430\u0436\u0456\u0442\u044c \u043d\u0430\u043c, \u0449\u043e \u0432\u0430\u043c \u043f\u043e\u0442\u0440\u0456\u0431\u043d\u043e, \u0456 \u043c\u0438 \u0441\u043f\u0440\u043e\u0431\u0443\u0454\u043c\u043e \u0437\u043d\u0430\u0439\u0442\u0438 \u0440\u0456\u0448\u0435\u043d\u043d\u044f. \u041d\u0430\u0448\u0435 \u043a\u0430\u0444\u0435 \u2013 \u0447\u0443\u0434\u043e\u0432\u0435 \u043c\u0456\u0441\u0446\u0435 \u0434\u043b\u044f \u0437\u0443\u0441\u0442\u0440\u0456\u0447\u0435\u0439. \u041c\u0438 \u043f\u0456\u0434\u0442\u0440\u0438\u043c\u0443\u0454\u043c\u043e \u0432\u0430\u0441 \u0443 \u0441\u043f\u0456\u043b\u043a\u0443\u0432\u0430\u043d\u043d\u0456 \u0437 \u043e\u0444\u0456\u0441\u0430\u043c\u0438 &hellip;<\/p>\n","protected":false},"author":10,"featured_media":54723,"parent":0,"menu_order":0,"comment_status":"closed","ping_status":"closed","template":"","meta":{"footnotes":""},"class_list":["post-54722","page","type-page","status-publish","has-post-thumbnail",""],"_links":{"self":[{"href":"https:\/\/www.borsig11.de\/wordpress\/wp-json\/wp\/v2\/pages\/54722","targetHints":{"allow":["GET"]}}],"collection":[{"href":"https:\/\/www.borsig11.de\/wordpress\/wp-json\/wp\/v2\/pages"}],"about":[{"href":"https:\/\/www.borsig11.de\/wordpress\/wp-json\/wp\/v2\/types\/page"}],"author":[{"embeddable":true,"href":"https:\/\/www.borsig11.de\/wordpress\/wp-json\/wp\/v2\/users\/10"}],"replies":[{"embeddable":true,"href":"https:\/\/www.borsig11.de\/wordpress\/wp-json\/wp\/v2\/comments?post=54722"}],"version-history":[{"count":39,"href":"https:\/\/www.borsig11.de\/wordpress\/wp-json\/wp\/v2\/pages\/54722\/revisions"}],"predecessor-version":[{"id":56250,"href":"https:\/\/www.borsig11.de\/wordpress\/wp-json\/wp\/v2\/pages\/54722\/revisions\/56250"}],"wp:featuredmedia":[{"embeddable":true,"href":"https:\/\/www.borsig11.de\/wordpress\/wp-json\/wp\/v2\/media\/54723"}],"wp:attachment":[{"href":"https:\/\/www.borsig11.de\/wordpress\/wp-json\/wp\/v2\/media?parent=54722"}],"curies":[{"name":"wp","href":"https:\/\/api.w.org\/{rel}","templated":true}]}}