{"id":54736,"date":"2022-03-27T15:06:11","date_gmt":"2022-03-27T13:06:11","guid":{"rendered":"https:\/\/www.borsig11.de\/wordpress\/?page_id=54736"},"modified":"2023-06-30T18:12:23","modified_gmt":"2023-06-30T16:12:23","slug":"ukraine-hilfe-103","status":"publish","type":"page","link":"https:\/\/www.borsig11.de\/wordpress\/ukraine-hilfe-103\/","title":{"rendered":"Ukraine-Hilfe 103"},"content":{"rendered":"\n<figure class=\"wp-block-image size-large\"><a href=\"https:\/\/www.borsig11.de\/wordpress\/wp-content\/uploads\/2022\/03\/Ukraine_de_1200_800.jpg\"><img loading=\"lazy\" decoding=\"async\" width=\"1024\" height=\"683\" src=\"https:\/\/www.borsig11.de\/wordpress\/wp-content\/uploads\/2022\/03\/Ukraine_de_1200_800-1024x683.jpg\" alt=\"\" class=\"wp-image-54737\" srcset=\"https:\/\/www.borsig11.de\/wordpress\/wp-content\/uploads\/2022\/03\/Ukraine_de_1200_800-1024x683.jpg 1024w, https:\/\/www.borsig11.de\/wordpress\/wp-content\/uploads\/2022\/03\/Ukraine_de_1200_800-300x200.jpg 300w, https:\/\/www.borsig11.de\/wordpress\/wp-content\/uploads\/2022\/03\/Ukraine_de_1200_800-768x512.jpg 768w, https:\/\/www.borsig11.de\/wordpress\/wp-content\/uploads\/2022\/03\/Ukraine_de_1200_800-800x533.jpg 800w, https:\/\/www.borsig11.de\/wordpress\/wp-content\/uploads\/2022\/03\/Ukraine_de_1200_800.jpg 1200w\" sizes=\"auto, (max-width: 1024px) 100vw, 1024px\" \/><\/a><\/figure>\n\n\n\n<p><strong>B\u00fcro 103, Flurstra\u00dfe 10, 44145 Dortmund<\/strong><\/p>\n\n\n\n<p>Aus gegebenem Anlass sammeln wir derzeit Spenden f\u00fcr Gefl\u00fcchtete aus der Ukraine, die wir \u00fcber unsere <a href=\"https:\/\/www.borsig11.de\/wordpress\/2019\/01\/borsig11-givebox-4\/\">Givebox<\/a> verteilen. Au\u00dferdem bem\u00fchen wir uns, bei der Wohnungssuche, Korrespondenz mit \u00c4mtern und Beh\u00f6rden, Jobsuche und individuellen Problemstellungen behilflich zu sein. Jede Unterst\u00fctzung ist willkommen!<\/p>\n\n\n\n<p><strong>Du willst helfen?<\/strong><\/p>\n\n\n\n<p>Derzeit brauchen wir vor allem:<\/p>\n\n\n\n<ul class=\"wp-block-list\">\n<li>Wohnm\u00f6glichkeiten und Unterkunft<\/li>\n\n\n\n<li>Kinder- und Damen-Kleidung und Schuhe, Sommersachen<\/li>\n\n\n\n<li>Kleidung f\u00fcr muslimische Damen<\/li>\n\n\n\n<li>Hygiene-Artikel<\/li>\n\n\n\n<li>Drogerie-Artikel<\/li>\n\n\n\n<li>Vitaminpr\u00e4parate, Eisenpr\u00e4parate, freiverk\u00e4ufliche Schmerzmittel, Fiebersaft, Hustensaft, Fieberthermometer usw.<\/li>\n\n\n\n<li>Bettw\u00e4sche, Waschlappen, Handtu\u0308cher<\/li>\n\n\n\n<li>Kinderwagen, Maxi-Cosi, Spielzeug usw. <\/li>\n\n\n\n<li>Unterst\u00fctzung bei Beh\u00f6rdeng\u00e4ngen<\/li>\n\n\n\n<li>Logistische Unterst\u00fctzung<\/li>\n\n\n\n<li>Unterst\u00fctzung bei der Betreuung von Einzelf\u00e4llen<\/li>\n<\/ul>\n\n\n\n<p><strong>Kontakt: Sieglinde Albrecht<\/strong><br><a href=\"mailto:sieglinde.albrecht@borsig11.de\">sieglinde.albrecht@borsig11.de<\/a><br>0231 \/ 80418150<\/p>\n\n\n\n<p>Zur Abgabe von Spenden bitte vorab telefonisch einen Termin vereinbaren:<br>Sieglinde Albrecht, +49 1525 3209499<\/p>\n\n\n\n<p>Ansprechpartnerin vor Ort: Zhanna Yakhnis<br><a href=\"mailto:zhanna.yakhnis@borsig11.de\">zhanna.yakhnis@borsig11.de<\/a><br>+49 176 22992523<\/p>\n\n\n\n<p>&#8212;<\/p>\n\n\n\n<p>Die Ukraine-Hilfe 103 ist ein Projekt von Zhanna Yakhnis &amp; Sieglinde Albrecht \/ <a href=\"https:\/\/www.borsig11.de\">Machbarschaft Borsig11 e.V.<\/a>, mit freundlicher Unterst\u00fctzung von thyssenkrupp Steel, realisiert mit den Chancen der Bewohner*innen des Borsigplatz-Quartiers.<\/p>\n\n\n\n<figure class=\"wp-block-image size-full is-resized\"><a href=\"https:\/\/www.borsig11.de\/wordpress\/wp-content\/uploads\/2022\/04\/tk_Secondary_Logo_RGB_300dpi.jpg\"><img loading=\"lazy\" decoding=\"async\" src=\"https:\/\/www.borsig11.de\/wordpress\/wp-content\/uploads\/2022\/04\/tk_Secondary_Logo_RGB_300dpi.jpg\" alt=\"\" class=\"wp-image-54880\" width=\"213\" height=\"73\" srcset=\"https:\/\/www.borsig11.de\/wordpress\/wp-content\/uploads\/2022\/04\/tk_Secondary_Logo_RGB_300dpi.jpg 591w, https:\/\/www.borsig11.de\/wordpress\/wp-content\/uploads\/2022\/04\/tk_Secondary_Logo_RGB_300dpi-300x103.jpg 300w\" sizes=\"auto, (max-width: 213px) 100vw, 213px\" \/><\/a><\/figure>\n\n\n\n<p>   <\/p>\n\n\n\n<p><strong>\u043f\u043e\u0434\u0456\u0457 \/ Veranstaltungen:<\/strong><\/p>\n\n\n\n<p><a href=\"https:\/\/www.borsig11.de\/wordpress\/2023\/06\/thyssenkrupp-sommerfest\/\" target=\"_blank\" rel=\"noreferrer noopener\">\u041b\u0430\u0441\u043a\u0430\u0432\u043e \u043f\u0440\u043e\u0441\u0438\u043c\u043e \u043d\u0430 103: thyssenkrupp Sommerfest, 18.06.2023<\/a><\/p>\n\n\n\n<p><a href=\"https:\/\/www.borsig11.de\/wordpress\/2022\/12\/ukrainisches-weihnachtsfest-in-hagen\/\" target=\"_blank\" rel=\"noreferrer noopener\">\u041b\u0430\u0441\u043a\u0430\u0432\u043e \u043f\u0440\u043e\u0441\u0438\u043c\u043e \u043d\u0430 103: Ukrainisches Weihnachtsfest in Hagen, 16.12.2022<\/a><\/p>\n\n\n\n<p><a href=\"https:\/\/www.borsig11.de\/wordpress\/2022\/09\/%d0%bb%d0%b0%d1%81%d0%ba%d0%b0%d0%b2%d0%be-%d0%bf%d1%80%d0%be%d1%81%d0%b8%d0%bc%d0%be-%d0%bd%d0%b0-103-es-wird-herbst\/\" target=\"_blank\" rel=\"noreferrer noopener\">\u041b\u0430\u0441\u043a\u0430\u0432\u043e \u043f\u0440\u043e\u0441\u0438\u043c\u043e \u043d\u0430 103: Es wird Herbst. 20.09.2022<\/a><\/p>\n\n\n\n<p><a href=\"https:\/\/www.borsig11.de\/wordpress\/2022\/09\/%d0%bb%d0%b0%d1%81%d0%ba%d0%b0%d0%b2%d0%be-%d0%bf%d1%80%d0%be%d1%81%d0%b8%d0%bc%d0%be-%d0%bd%d0%b0-103-volles-programm-im-august-2022\/\" target=\"_blank\" rel=\"noreferrer noopener\">\u041b\u0430\u0441\u043a\u0430\u0432\u043e \u043f\u0440\u043e\u0441\u0438\u043c\u043e \u043d\u0430 103: Volles Programm im August 2022, 04.09.2022<\/a><\/p>\n\n\n\n<p><a href=\"https:\/\/www.borsig11.de\/wordpress\/2022\/08\/%d0%bb%d0%b0%d1%81%d0%ba%d0%b0%d0%b2%d0%be-%d0%bf%d1%80%d0%be%d1%81%d0%b8%d0%bc%d0%be-%d0%bd%d0%b0-103-batik-workshop-bei-der-awo\/\" target=\"_blank\" rel=\"noreferrer noopener\">\u041b\u0430\u0441\u043a\u0430\u0432\u043e \u043f\u0440\u043e\u0441\u0438\u043c\u043e \u043d\u0430 103: Batik-Workshop bei der AWO, 02.08.2022<\/a><\/p>\n\n\n\n<p><a href=\"https:\/\/www.borsig11.de\/wordpress\/2022\/07\/%d0%bb%d0%b0%d1%81%d0%ba%d0%b0%d0%b2%d0%be-%d0%bf%d1%80%d0%be%d1%81%d0%b8%d0%bc%d0%be-%d0%bd%d0%b0-103-open-air-malkurs-mit-elena\/\">\u041b\u0430\u0441\u043a\u0430\u0432\u043e \u043f\u0440\u043e\u0441\u0438\u043c\u043e \u043d\u0430 103: Open Air Malkurs mit Elena, 26.07.2022<\/a><\/p>\n\n\n\n<p><a href=\"https:\/\/www.borsig11.de\/wordpress\/2022\/06\/%d0%bb%d0%b0%d1%81%d0%ba%d0%b0%d0%b2%d0%be-%d0%bf%d1%80%d0%be%d1%81%d0%b8%d0%bc%d0%be-%d0%bd%d0%b0-103-sport-vor-ort\/\">\u041b\u0430\u0441\u043a\u0430\u0432\u043e \u043f\u0440\u043e\u0441\u0438\u043c\u043e \u043d\u0430 103: Sport vor Ort, 14.07.2022<\/a><\/p>\n\n\n\n<p><a href=\"https:\/\/www.borsig11.de\/wordpress\/2022\/06\/%d0%bb%d0%b0%d1%81%d0%ba%d0%b0%d0%b2%d0%be-%d0%bf%d1%80%d0%be%d1%81%d0%b8%d0%bc%d0%be-%d0%bd%d0%b0-103-yoga-mit-natalia\/\" target=\"_blank\" rel=\"noreferrer noopener\">Yoga mit Natalia, 24.06.2022<\/a><\/p>\n\n\n\n<p><a href=\"https:\/\/www.borsig11.de\/wordpress\/2022\/06\/%d0%bb%d0%b0%d1%81%d0%ba%d0%b0%d0%b2%d0%be-%d0%bf%d1%80%d0%be%d1%81%d0%b8%d0%bc%d0%be-%d0%bd%d0%b0-atelier-103\/\" target=\"_blank\" rel=\"noreferrer noopener\">\u041b\u0430\u0441\u043a\u0430\u0432\u043e \u043f\u0440\u043e\u0441\u0438\u043c\u043e \u043d\u0430 Atelier 103, 15.06.2022<\/a><\/p>\n\n\n\n<p><a href=\"https:\/\/www.borsig11.de\/wordpress\/2022\/05\/batik-workshop-teil-3\/\" target=\"_blank\" rel=\"noreferrer noopener\">Batik Workshop Teil 3, 09.06.2022<\/a><\/p>\n\n\n\n<p><a href=\"https:\/\/www.borsig11.de\/wordpress\/2022\/05\/batik-workshop-teil-2\/\">Batik Workshop Teil 2, 26.05.2022<\/a><\/p>\n\n\n\n<p><a href=\"https:\/\/www.borsig11.de\/wordpress\/2022\/05\/%d0%bb%d0%b0%d1%81%d0%ba%d0%b0%d0%b2%d0%be-%d0%bf%d1%80%d0%be%d1%81%d0%b8%d0%bc%d0%be-%d0%bd%d0%b0-103-kinderkino\/\">\u041b\u0430\u0441\u043a\u0430\u0432\u043e \u043f\u0440\u043e\u0441\u0438\u043c\u043e \u043d\u0430 103: Kinderkino, 20.05.2022<\/a><\/p>\n\n\n\n<p><a href=\"https:\/\/www.borsig11.de\/wordpress\/2022\/05\/batik-mit-elena\/\" target=\"_blank\" rel=\"noreferrer noopener\">Batik mit Elena, 19.05.2022<\/a><\/p>\n\n\n\n<p><a href=\"https:\/\/www.borsig11.de\/wordpress\/2022\/05\/naehen-mit-natalia\/\" target=\"_blank\" rel=\"noreferrer noopener\">N\u00e4hen mit Natalia, 13.05.2022<\/a><\/p>\n\n\n\n<p><a href=\"https:\/\/www.borsig11.de\/wordpress\/2022\/05\/kino-in-hagen\/\" target=\"_blank\" rel=\"noreferrer noopener\">Kino in Hagen, 12.05.2022<\/a><\/p>\n\n\n\n<p><a href=\"https:\/\/www.borsig11.de\/wordpress\/2022\/05\/malen-mit-elena\/\">M<\/a><a href=\"https:\/\/www.borsig11.de\/wordpress\/2022\/05\/malen-mit-elena\/\" target=\"_blank\" rel=\"noreferrer noopener\">alen mit Elena, 10.05.2022<\/a><\/p>\n\n\n\n<p><a href=\"https:\/\/www.borsig11.de\/wordpress\/2022\/05\/annas-beauty-school-in-hagen\/\">Annas Bea<\/a><a href=\"https:\/\/www.borsig11.de\/wordpress\/2022\/05\/annas-beauty-school-in-hagen\/\" target=\"_blank\" rel=\"noreferrer noopener\">uty-School in Hagen, 06.05.2022<\/a><\/p>\n\n\n\n<p><a href=\"https:\/\/www.borsig11.de\/wordpress\/2022\/04\/malkurs-mit-sultan-khairandish\/\" target=\"_blank\" rel=\"noreferrer noopener\">Malkurs mit Sultan Khairandish, 26.04.2022<\/a><\/p>\n\n\n\n<p><a href=\"https:\/\/www.borsig11.de\/wordpress\/2022\/04\/ukraine-hilfe-103-in-hagen\/\">U<\/a><a href=\"https:\/\/www.borsig11.de\/wordpress\/2022\/04\/ukraine-hilfe-103-in-hagen\/\" target=\"_blank\" rel=\"noreferrer noopener\">kraine-Hilfe 103 in Hagen, 21.04.2022<\/a><\/p>\n\n\n\n<p><a href=\"https:\/\/www.borsig11.de\/wordpress\/2022\/01\/beauty-for-ukraine\/\">B<\/a><a href=\"https:\/\/www.borsig11.de\/wordpress\/2022\/01\/beauty-for-ukraine\/\" target=\"_blank\" rel=\"noreferrer noopener\">eauty for Ukraine, 08.04.2022<\/a><\/p>\n","protected":false},"excerpt":{"rendered":"<p>B\u00fcro 103, Flurstra\u00dfe 10, 44145 Dortmund Aus gegebenem Anlass sammeln wir derzeit Spenden f\u00fcr Gefl\u00fcchtete aus der Ukraine, die wir \u00fcber unsere Givebox verteilen. Au\u00dferdem bem\u00fchen wir uns, bei der Wohnungssuche, Korrespondenz mit \u00c4mtern und Beh\u00f6rden, Jobsuche und individuellen Problemstellungen behilflich zu sein. Jede Unterst\u00fctzung ist willkommen! Du willst helfen? Derzeit brauchen wir vor allem: &hellip;<\/p>\n","protected":false},"author":10,"featured_media":54737,"parent":0,"menu_order":0,"comment_status":"closed","ping_status":"closed","template":"","meta":{"footnotes":""},"class_list":["post-54736","page","type-page","status-publish","has-post-thumbnail",""],"_links":{"self":[{"href":"https:\/\/www.borsig11.de\/wordpress\/wp-json\/wp\/v2\/pages\/54736","targetHints":{"allow":["GET"]}}],"collection":[{"href":"https:\/\/www.borsig11.de\/wordpress\/wp-json\/wp\/v2\/pages"}],"about":[{"href":"https:\/\/www.borsig11.de\/wordpress\/wp-json\/wp\/v2\/types\/page"}],"author":[{"embeddable":true,"href":"https:\/\/www.borsig11.de\/wordpress\/wp-json\/wp\/v2\/users\/10"}],"replies":[{"embeddable":true,"href":"https:\/\/www.borsig11.de\/wordpress\/wp-json\/wp\/v2\/comments?post=54736"}],"version-history":[{"count":33,"href":"https:\/\/www.borsig11.de\/wordpress\/wp-json\/wp\/v2\/pages\/54736\/revisions"}],"predecessor-version":[{"id":56248,"href":"https:\/\/www.borsig11.de\/wordpress\/wp-json\/wp\/v2\/pages\/54736\/revisions\/56248"}],"wp:featuredmedia":[{"embeddable":true,"href":"https:\/\/www.borsig11.de\/wordpress\/wp-json\/wp\/v2\/media\/54737"}],"wp:attachment":[{"href":"https:\/\/www.borsig11.de\/wordpress\/wp-json\/wp\/v2\/media?parent=54736"}],"curies":[{"name":"wp","href":"https:\/\/api.w.org\/{rel}","templated":true}]}}