{"id":60,"date":"2011-05-17T14:43:58","date_gmt":"2011-05-17T14:43:58","guid":{"rendered":"http:\/\/www.borsig11.de\/wordpress\/?p=60"},"modified":"2022-01-10T15:27:53","modified_gmt":"2022-01-10T14:27:53","slug":"impressum","status":"publish","type":"page","link":"https:\/\/www.borsig11.de\/wordpress\/impressum\/","title":{"rendered":"Impressum"},"content":{"rendered":"<p><strong>Machbarschaft Borsig11 e.V.<\/strong><br \/>\n<strong>Flurstra\u00dfe 10<\/strong><br \/>\n<strong> 44145 Dortmund<\/strong><\/p>\n<p>Telefon: 0231\/80418150<br \/>\nE-Mail: <a class=\"smarterwiki-linkify\" href=\"mailto:info@borsig11.de\">info@borsig11.de<\/a><br \/>\nWeb: <a class=\"smarterwiki-linkify\" href=\"http:\/\/www.borsig11.de\">www.borsig11.de<\/a><\/p>\n<p>Gemeinn\u00fctziger e.V.<br \/>\nvertreten durch den Vorstand:<br \/>\nVolker Pohl\u00fcke und Guido Meincke<\/p>\n<p>Eintragung im Vereinsregister<br \/>\nRegistergericht: Dortmund<br \/>\nRegisternummer: VR6665<\/p>\n<p>Bankverbindung: Sparkasse Dortmund &#8211; Konto 191021673 &#8211; BLZ 440 501 99<br \/>\nIBAN: DE90 4405 0199 0191 0216 73<br \/>\nBIC: DORTDE33XXX<\/p>\n<p>Steuernr.: 317\/5941\/6367<\/p>\n<p>Gesch\u00e4ftsf\u00fchrung: Volker Pohl\u00fcke<br \/>\nInhaltlich verantwortlich: Guido Meincke<\/p>\n<p class=\"p1\" style=\"color: #000000;\">Quellenangaben f\u00fcr die verwendeten Bilder und Grafiken, soweit nicht anders bezeichnet:<br \/>\nGuido Meincke \/ Sabitha Saul <a style=\"color: #000000;\" href=\"http:\/\/www.sabitha.de\/\">www.sabitha.de<\/a><\/p>\n<p class=\"p1\" style=\"color: #000000;\">&#8212;&#8212;&#8212;&#8212;&#8212;&#8212;&#8212;&#8212;&#8212;&#8212;&#8212;&#8212;&#8212;&#8212;&#8212;&#8212;&#8212;&#8212;&#8212;&#8212;<\/p>\n<p class=\"p1\" style=\"color: #000000;\"><strong>Haftungsausschluss:<\/strong><\/p>\n<p class=\"p1\" style=\"color: #000000;\">Haftung f\u00fcr Inhalte<\/p>\n<p class=\"p1\" style=\"color: #000000;\">Die Inhalte unserer Seiten wurden mit gr\u00f6\u00dfter Sorgfalt erstellt.\u00a0F\u00fcr die Richtigkeit, Vollst\u00e4ndigkeit und Aktualit\u00e4t der Inhalte\u00a0k\u00f6nnen wir jedoch keine Gew\u00e4hr \u00fcbernehmen. Als Diensteanbieter sind wir gem\u00e4\u00df \u00a7 7 Abs.1 TMG f\u00fcr\u00a0eigene Inhalte auf\u00a0diesen Seiten nach den allgemeinen Gesetzen verantwortlich.\u00a0Nach \u00a7\u00a7 8 bis 10 TMG sind wir als Diensteanbieter jedoch nicht\u00a0verpflichtet, \u00fcbermittelte oder gespeicherte fremde Informationen zu\u00a0\u00fcberwachen oder nach Umst\u00e4nden zu forschen,\u00a0die auf eine rechtswidrige\u00a0T\u00e4tigkeit hinweisen. Verpflichtungen zur Entfernung oder Sperrung der\u00a0Nutzung von Informationen nach den allgemeinen Gesetzen bleiben hiervon\u00a0unber\u00fchrt. Eine diesbez\u00fcgliche Haftung ist jedoch erst ab dem\u00a0Zeitpunkt der Kenntnis einer konkreten Rechtsverletzung m\u00f6glich. Bei\u00a0Bekanntwerden von entsprechenden Rechtsverletzungen werden wir diese Inhalte\u00a0umgehend entfernen.<\/p>\n<p class=\"p1\" style=\"color: #000000;\">Haftung f\u00fcr Links<\/p>\n<p class=\"p1\" style=\"color: #000000;\">Unser Angebot enth\u00e4lt Links zu externen Webseiten Dritter, auf deren\u00a0Inhalte wir keinen Einfluss haben. Deshalb k\u00f6nnen wir f\u00fcr diese\u00a0fremden Inhalte auch keine Gew\u00e4hr \u00fcbernehmen. F\u00fcr die Inhalte\u00a0der verlinkten Seiten ist stets der\u00a0jeweilige Anbieter oder Betreiber der\u00a0Seiten verantwortlich. Die verlinkten Seiten wurden zum Zeitpunkt der Verlinkung\u00a0auf m\u00f6gliche Rechtsverst\u00f6\u00dfe \u00fcberpr\u00fcft. Rechtswidrige\u00a0Inhalte waren zum Zeitpunkt der Verlinkung nicht erkennbar. Eine\u00a0permanente\u00a0inhaltliche Kontrolle der verlinkten Seiten ist jedoch ohne konkrete Anhaltspunkte\u00a0einer Rechtsverletzung nicht zumutbar. Bei Bekanntwerden von Rechtsverletzungen\u00a0werden wir derartige Links umgehend entfernen.<\/p>\n<p class=\"p1\" style=\"color: #000000;\">Urheberrecht<\/p>\n<p class=\"p1\" style=\"color: #000000;\">Die durch die Seitenbetreiber erstellten Inhalte und Werke auf\u00a0diesen Seiten\u00a0unterliegen dem deutschen Urheberrecht. Die Vervielf\u00e4ltigung,\u00a0Bearbeitung, Verbreitung und\u00a0jede Art der Verwertung au\u00dferhalb der Grenzen des Urheberrechtes\u00a0bed\u00fcrfen\u00a0der schriftlichen Zustimmung des jeweiligen Autors bzw.\u00a0Erstellers. Downloads\u00a0und Kopien dieser Seite sind nur f\u00fcr den privaten, nicht\u00a0kommerziellen\u00a0Gebrauch gestattet. Soweit die Inhalte auf dieser Seite nicht vom\u00a0Betreiber erstellt\u00a0wurden,\u00a0werden die Urheberrechte Dritter beachtet. Insbesondere werden\u00a0Inhalte Dritter als solche\u00a0gekennzeichnet. Sollten Sie trotzdem auf eine\u00a0Urheberrechtsverletzung aufmerksam werden, bitten wir um einen\u00a0entsprechenden Hinweis.\u00a0Bei Bekanntwerden von Rechtsverletzungen werden wir derartige\u00a0Inhalte umgehend entfernen.<\/p>\n<p class=\"p1\" style=\"color: #000000;\">Datenschutz<\/p>\n<p class=\"p1\" style=\"color: #000000;\">Die Nutzung unserer Webseite ist in der Regel ohne Angabe\u00a0personenbezogener Daten m\u00f6glich. Soweit auf unseren Seiten\u00a0personenbezogene Daten (beispielsweise Name,\u00a0Anschrift oder eMail-Adressen) erhoben werden, erfolgt dies,\u00a0soweit\u00a0m\u00f6glich, stets auf freiwilliger Basis. Diese Daten werden ohne\u00a0Ihre ausdr\u00fcckliche Zustimmung nicht an Dritte weitergegeben. Wir weisen darauf hin, dass die Daten\u00fcbertragung im Internet (z.B.\u00a0bei der Kommunikation per E-Mail) Sicherheitsl\u00fccken aufweisen kann.\u00a0Ein l\u00fcckenloser Schutz der Daten vor dem Zugriff durch Dritte ist nicht\u00a0m\u00f6glich. Der Nutzung von im Rahmen der Impressumspflicht ver\u00f6ffentlichten Kontaktdaten\u00a0durch Dritte zur \u00dcbersendung von nicht ausdr\u00fccklich angeforderter\u00a0Werbung und Informationsmaterialien wird hiermit ausdr\u00fccklich widersprochen.\u00a0Die Betreiber\u00a0der Seiten behalten sich ausdr\u00fccklich rechtliche Schritte\u00a0im Falle der unverlangten Zusendung von Werbeinformationen, etwa durch Spam-Mails,\u00a0vor.<\/p>\n<p>Weitere Hinweise zum Datenschutz finden Sie <a href=\"https:\/\/www.borsig11.de\/wordpress\/datenschutz\/\">hier<\/a>.<\/p>\n<p class=\"p1\" style=\"color: #000000;\">&#8212;&#8212;&#8212;&#8212;&#8212;&#8212;&#8212;&#8212;&#8212;&#8212;&#8212;&#8212;&#8212;&#8212;&#8212;&#8212;&#8212;&#8212;&#8212;&#8212;<\/p>\n<p class=\"p1\" style=\"color: #000000;\">Quellenangaben:\u00a0Disclaimer\u00a0von eRecht24, dem Portal zum Internetrecht von Rechtsanwalt S\u00f6ren Siebert,\u00a0eRecht24 Datenschutzerkl\u00e4rung f\u00fcr Facebook,\u00a0Datenschutzerkl\u00e4rung Google +1,\u00a0Twitter Bedingungen<\/p>\n","protected":false},"excerpt":{"rendered":"<p>Machbarschaft Borsig11 e.V. Flurstra\u00dfe 10 44145 Dortmund Telefon: 0231\/80418150 E-Mail: info@borsig11.de Web: www.borsig11.de Gemeinn\u00fctziger e.V. vertreten durch den Vorstand: Volker Pohl\u00fcke und Guido Meincke Eintragung im Vereinsregister Registergericht: Dortmund Registernummer: VR6665 Bankverbindung: Sparkasse Dortmund &#8211; Konto 191021673 &#8211; BLZ 440 501 99 IBAN: DE90 4405 0199 0191 0216 73 BIC: DORTDE33XXX Steuernr.: 317\/5941\/6367 Gesch\u00e4ftsf\u00fchrung: Volker &hellip;<\/p>\n","protected":false},"author":10,"featured_media":0,"parent":0,"menu_order":15,"comment_status":"closed","ping_status":"open","template":"","meta":{"footnotes":""},"class_list":["post-60","page","type-page","status-publish",""],"_links":{"self":[{"href":"https:\/\/www.borsig11.de\/wordpress\/wp-json\/wp\/v2\/pages\/60","targetHints":{"allow":["GET"]}}],"collection":[{"href":"https:\/\/www.borsig11.de\/wordpress\/wp-json\/wp\/v2\/pages"}],"about":[{"href":"https:\/\/www.borsig11.de\/wordpress\/wp-json\/wp\/v2\/types\/page"}],"author":[{"embeddable":true,"href":"https:\/\/www.borsig11.de\/wordpress\/wp-json\/wp\/v2\/users\/10"}],"replies":[{"embeddable":true,"href":"https:\/\/www.borsig11.de\/wordpress\/wp-json\/wp\/v2\/comments?post=60"}],"version-history":[{"count":1,"href":"https:\/\/www.borsig11.de\/wordpress\/wp-json\/wp\/v2\/pages\/60\/revisions"}],"predecessor-version":[{"id":54554,"href":"https:\/\/www.borsig11.de\/wordpress\/wp-json\/wp\/v2\/pages\/60\/revisions\/54554"}],"wp:attachment":[{"href":"https:\/\/www.borsig11.de\/wordpress\/wp-json\/wp\/v2\/media?parent=60"}],"curies":[{"name":"wp","href":"https:\/\/api.w.org\/{rel}","templated":true}]}}